{"id":3405,"date":"2017-05-17T18:01:57","date_gmt":"2017-05-17T18:01:57","guid":{"rendered":"http:\/\/cortecros.com\/product\/vpci-383-premaz-na-vodenoj-osnovi\/"},"modified":"2017-05-17T18:01:57","modified_gmt":"2017-05-17T18:01:57","slug":"vpci-383-premaz-na-vodenoj-osnovi","status":"publish","type":"product","link":"https:\/\/cortecros.com\/hr\/product\/vpci-383-premaz-na-vodenoj-osnovi\/","title":{"rendered":"VpCI\u00ae-383 Premaz na vodenoj osnovi"},"content":{"rendered":"<p>Tanki osnovni premaz ili premaz na kratkoro\u010dnu i srednjoro\u010dnu za\u0161titu metalnih povr\u0161ina. Izvrsno za premazivanje ve\u0107 na\u010detih ili korodiranih dijelova.<br \/>\n<b>Pakiranje:<\/b>\u00a019 l i 208 l.<\/p>\n","protected":false},"excerpt":{"rendered":"<p>Tanki osnovni premaz ili premaz na kratkoro\u010dnu i srednjoro\u010dnu za\u0161titu metalnih povr\u0161ina. Izvrsno za premazivanje ve\u0107 na\u010detih ili korodiranih dijelova. Pakiranje:\u00a019 l i 208 l. <a class=\"continue-reading-link\" href=\"https:\/\/cortecros.com\/hr\/product\/vpci-383-premaz-na-vodenoj-osnovi\/\">nastavi \u010ditati<\/a><\/p>\n","protected":false},"featured_media":0,"template":"","meta":{"ngg_post_thumbnail":0,"_links_to":"","_links_to_target":""},"product_brand":[],"product_cat":[36],"product_tag":[],"class_list":{"0":"post-3405","1":"product","2":"type-product","3":"status-publish","5":"product_cat-vpci-premazi-za-antikorozivnu-zastitu-i-konzervaciju-metala","7":"first","8":"instock","9":"shipping-taxable","10":"product-type-simple"},"_links":{"self":[{"href":"https:\/\/cortecros.com\/hr\/wp-json\/wp\/v2\/product\/3405","targetHints":{"allow":["GET"]}}],"collection":[{"href":"https:\/\/cortecros.com\/hr\/wp-json\/wp\/v2\/product"}],"about":[{"href":"https:\/\/cortecros.com\/hr\/wp-json\/wp\/v2\/types\/product"}],"wp:attachment":[{"href":"https:\/\/cortecros.com\/hr\/wp-json\/wp\/v2\/media?parent=3405"}],"wp:term":[{"taxonomy":"product_brand","embeddable":true,"href":"https:\/\/cortecros.com\/hr\/wp-json\/wp\/v2\/product_brand?post=3405"},{"taxonomy":"product_cat","embeddable":true,"href":"https:\/\/cortecros.com\/hr\/wp-json\/wp\/v2\/product_cat?post=3405"},{"taxonomy":"product_tag","embeddable":true,"href":"https:\/\/cortecros.com\/hr\/wp-json\/wp\/v2\/product_tag?post=3405"}],"curies":[{"name":"wp","href":"https:\/\/api.w.org\/{rel}","templated":true}]}}