{"id":3408,"date":"2017-05-17T18:03:10","date_gmt":"2017-05-17T18:03:10","guid":{"rendered":"http:\/\/cortecros.com\/product\/vpci-384\/"},"modified":"2017-05-17T18:03:10","modified_gmt":"2017-05-17T18:03:10","slug":"vpci-384","status":"publish","type":"product","link":"https:\/\/cortecros.com\/hr\/product\/vpci-384\/","title":{"rendered":"VpCI\u00ae-384"},"content":{"rendered":"<p>VpCI\u2122-384 je dvokomponentni uretanski zavr\u0161ni premaz, dizajniran za upotrebu nakon temeljnog uretanskog premaza, kao \u0161to je VpCI\u2122-396. Za\u010dajna prednost ovog zavr\u0161nog premaza je u odli\u010dnoj adheziji na temeljni uretanski premaz.<br \/>\nVpCI\u2122-384 posjeduje visoki sjaj, veliku trdo\u0107u, jako dobru fleksibilnost , odli\u010dna otpornost na otapala i ne sadr\u017ei aromatska otapala.<\/p>\n<p><strong>Pakiranje:<\/strong> VpCI\u2122-384 dostupan je u 19 litarskom kopletu.<br \/>\nKomponenta A 15,2 litre u 19 litara metalnoj kanti.<br \/>\nKomponenta B 3, 8 litara u plasti\u010dnom karnisteru.<\/p>\n<p>Tehni\u010dki list proizvoda (TLP)<\/p>\n<p><a href=\"https:\/\/cortecros.com\/wp-content\/uploads\/2017\/08\/VpCI-384.pdf\">VpCI-384<\/a><\/p>\n","protected":false},"excerpt":{"rendered":"<p>VpCI\u2122-384 je dvokomponentni uretanski zavr\u0161ni premaz, dizajniran za upotrebu nakon temeljnog uretanskog premaza, kao \u0161to je VpCI\u2122-396. Za\u010dajna prednost ovog zavr\u0161nog premaza je u odli\u010dnoj adheziji na temeljni uretanski premaz. VpCI\u2122-384 posjeduje visoki sjaj, veliku trdo\u0107u, jako dobru fleksibilnost , odli\u010dna otpornost na otapala i ne sadr\u017ei aromatska otapala. Pakiranje:\u2026 <a class=\"continue-reading-link\" href=\"https:\/\/cortecros.com\/hr\/product\/vpci-384\/\">nastavi \u010ditati<\/a><\/p>\n","protected":false},"featured_media":0,"template":"","meta":{"ngg_post_thumbnail":0,"_links_to":"","_links_to_target":""},"product_brand":[],"product_cat":[36],"product_tag":[],"class_list":{"0":"post-3408","1":"product","2":"type-product","3":"status-publish","5":"product_cat-vpci-premazi-za-antikorozivnu-zastitu-i-konzervaciju-metala","7":"first","8":"instock","9":"shipping-taxable","10":"product-type-simple"},"_links":{"self":[{"href":"https:\/\/cortecros.com\/hr\/wp-json\/wp\/v2\/product\/3408","targetHints":{"allow":["GET"]}}],"collection":[{"href":"https:\/\/cortecros.com\/hr\/wp-json\/wp\/v2\/product"}],"about":[{"href":"https:\/\/cortecros.com\/hr\/wp-json\/wp\/v2\/types\/product"}],"wp:attachment":[{"href":"https:\/\/cortecros.com\/hr\/wp-json\/wp\/v2\/media?parent=3408"}],"wp:term":[{"taxonomy":"product_brand","embeddable":true,"href":"https:\/\/cortecros.com\/hr\/wp-json\/wp\/v2\/product_brand?post=3408"},{"taxonomy":"product_cat","embeddable":true,"href":"https:\/\/cortecros.com\/hr\/wp-json\/wp\/v2\/product_cat?post=3408"},{"taxonomy":"product_tag","embeddable":true,"href":"https:\/\/cortecros.com\/hr\/wp-json\/wp\/v2\/product_tag?post=3408"}],"curies":[{"name":"wp","href":"https:\/\/api.w.org\/{rel}","templated":true}]}}