{"id":3411,"date":"2017-05-17T18:08:02","date_gmt":"2017-05-17T18:08:02","guid":{"rendered":"http:\/\/cortecros.com\/product\/vpci-386-aluminum\/"},"modified":"2017-05-17T18:08:02","modified_gmt":"2017-05-17T18:08:02","slug":"vpci-386-aluminum","status":"publish","type":"product","link":"https:\/\/cortecros.com\/hr\/product\/vpci-386-aluminum\/","title":{"rendered":"VpCI\u00ae-386 Aluminum"},"content":{"rendered":"<p>VpCI-386 Aluminum akrilni premaz koji se primjenjuje kao temeljni i zavr\u0161ni premaz u za\u0161titi od korozije na otvorenom, poluotvorenom ili natkritom prostoru. Kompleksna mje\u0161avina neotrovnih, organskih inhibitora i pigmenta aliminija pru\u017ea za\u0161titu koja nadma\u0161uje onu ve\u0107ine boja i osnovnih premaza bogatih cinkom.<\/p>\n<p><strong>Pakiranje:<\/strong> 19 litara kanister, 208 litara ba\u010dva.<\/p>\n<p>Tehni\u010dki list proizvoda (TLP)<\/p>\n<p><a href=\"https:\/\/cortecros.com\/wp-content\/uploads\/2017\/08\/VpCI-386-Aluminum.pdf\">VpCI-386 Aluminum<\/a><\/p>\n","protected":false},"excerpt":{"rendered":"<p>VpCI-386 Aluminum akrilni premaz koji se primjenjuje kao temeljni i zavr\u0161ni premaz u za\u0161titi od korozije na otvorenom, poluotvorenom ili natkritom prostoru. Kompleksna mje\u0161avina neotrovnih, organskih inhibitora i pigmenta aliminija pru\u017ea za\u0161titu koja nadma\u0161uje onu ve\u0107ine boja i osnovnih premaza bogatih cinkom. Pakiranje: 19 litara kanister, 208 litara ba\u010dva. Tehni\u010dki\u2026 <a class=\"continue-reading-link\" href=\"https:\/\/cortecros.com\/hr\/product\/vpci-386-aluminum\/\">nastavi \u010ditati<\/a><\/p>\n","protected":false},"featured_media":0,"template":"","meta":{"ngg_post_thumbnail":0,"_links_to":"","_links_to_target":""},"product_brand":[],"product_cat":[36],"product_tag":[],"class_list":{"0":"post-3411","1":"product","2":"type-product","3":"status-publish","5":"product_cat-vpci-premazi-za-antikorozivnu-zastitu-i-konzervaciju-metala","7":"first","8":"instock","9":"shipping-taxable","10":"product-type-simple"},"_links":{"self":[{"href":"https:\/\/cortecros.com\/hr\/wp-json\/wp\/v2\/product\/3411","targetHints":{"allow":["GET"]}}],"collection":[{"href":"https:\/\/cortecros.com\/hr\/wp-json\/wp\/v2\/product"}],"about":[{"href":"https:\/\/cortecros.com\/hr\/wp-json\/wp\/v2\/types\/product"}],"wp:attachment":[{"href":"https:\/\/cortecros.com\/hr\/wp-json\/wp\/v2\/media?parent=3411"}],"wp:term":[{"taxonomy":"product_brand","embeddable":true,"href":"https:\/\/cortecros.com\/hr\/wp-json\/wp\/v2\/product_brand?post=3411"},{"taxonomy":"product_cat","embeddable":true,"href":"https:\/\/cortecros.com\/hr\/wp-json\/wp\/v2\/product_cat?post=3411"},{"taxonomy":"product_tag","embeddable":true,"href":"https:\/\/cortecros.com\/hr\/wp-json\/wp\/v2\/product_tag?post=3411"}],"curies":[{"name":"wp","href":"https:\/\/api.w.org\/{rel}","templated":true}]}}