{"id":3414,"date":"2017-05-17T18:06:11","date_gmt":"2017-05-17T18:06:11","guid":{"rendered":"http:\/\/cortecros.com\/product\/vpci-386-temeljni-i-zavrsni-premaz-za-zastitu-na-otvorenome\/"},"modified":"2023-10-06T13:11:23","modified_gmt":"2023-10-06T13:11:23","slug":"vpci-386-temeljni-i-zavrsni-premaz-za-zastitu-na-otvorenome","status":"publish","type":"product","link":"https:\/\/cortecros.com\/hr\/product\/vpci-386-temeljni-i-zavrsni-premaz-za-zastitu-na-otvorenome\/","title":{"rendered":"VpCI\u00ae-386 Temeljni i zavr\u0161ni premaz za za\u0161titu na otvorenome"},"content":{"rendered":"<p>VpCI-386 akrilni premaz kao temeljni i zavr\u0161ni daje pobolj\u0161anje u za\u0161titi od korozije na otvorenom prostoru. Jedinstvena formulacija na bazi vode koja uspje\u0161no pru\u017ea za\u0161titu kod grubih, vanjskih i nezaklonjenih primjena. Ima ga u standardnim bojama, po narud\u017ebi, te kao prozirni-transparentni premaz.<\/p>\n<p><strong>Pakiranje:<\/strong> 19 l i 208 l.<\/p>\n<p>Tehni\u010dki list proizvoda (TLP)<\/p>\n<p><a href=\"https:\/\/cortecros.com\/wp-content\/uploads\/2023\/10\/VpCI-386-v2.pdf\">VpCI-386<\/a><\/p>\n","protected":false},"excerpt":{"rendered":"<p>VpCI-386 akrilni premaz kao temeljni i zavr\u0161ni daje pobolj\u0161anje u za\u0161titi od korozije na otvorenom prostoru. Jedinstvena formulacija na bazi vode koja uspje\u0161no pru\u017ea za\u0161titu kod grubih, vanjskih i nezaklonjenih primjena. Ima ga u standardnim bojama, po narud\u017ebi, te kao prozirni-transparentni premaz. Pakiranje: 19 l i 208 l. Tehni\u010dki list\u2026 <a class=\"continue-reading-link\" href=\"https:\/\/cortecros.com\/hr\/product\/vpci-386-temeljni-i-zavrsni-premaz-za-zastitu-na-otvorenome\/\">nastavi \u010ditati<\/a><\/p>\n","protected":false},"featured_media":0,"template":"","meta":{"ngg_post_thumbnail":0,"_links_to":"","_links_to_target":""},"product_brand":[],"product_cat":[36],"product_tag":[],"class_list":{"0":"post-3414","1":"product","2":"type-product","3":"status-publish","5":"product_cat-vpci-premazi-za-antikorozivnu-zastitu-i-konzervaciju-metala","7":"first","8":"instock","9":"shipping-taxable","10":"product-type-simple"},"_links":{"self":[{"href":"https:\/\/cortecros.com\/hr\/wp-json\/wp\/v2\/product\/3414","targetHints":{"allow":["GET"]}}],"collection":[{"href":"https:\/\/cortecros.com\/hr\/wp-json\/wp\/v2\/product"}],"about":[{"href":"https:\/\/cortecros.com\/hr\/wp-json\/wp\/v2\/types\/product"}],"wp:attachment":[{"href":"https:\/\/cortecros.com\/hr\/wp-json\/wp\/v2\/media?parent=3414"}],"wp:term":[{"taxonomy":"product_brand","embeddable":true,"href":"https:\/\/cortecros.com\/hr\/wp-json\/wp\/v2\/product_brand?post=3414"},{"taxonomy":"product_cat","embeddable":true,"href":"https:\/\/cortecros.com\/hr\/wp-json\/wp\/v2\/product_cat?post=3414"},{"taxonomy":"product_tag","embeddable":true,"href":"https:\/\/cortecros.com\/hr\/wp-json\/wp\/v2\/product_tag?post=3414"}],"curies":[{"name":"wp","href":"https:\/\/api.w.org\/{rel}","templated":true}]}}