{"id":3417,"date":"2017-05-17T18:13:03","date_gmt":"2017-05-17T18:13:03","guid":{"rendered":"http:\/\/cortecros.com\/product\/vpci-387\/"},"modified":"2017-05-17T18:13:03","modified_gmt":"2017-05-17T18:13:03","slug":"vpci-387","status":"publish","type":"product","link":"https:\/\/cortecros.com\/hr\/product\/vpci-387\/","title":{"rendered":"VpCI\u00ae-387"},"content":{"rendered":"<p>VpCI\u2122-387 je debeloslojni zavr\u0161ni premaz za dugoro\u010dnu za\u0161titu metala kod izlo\u017eenosti atmosferkog utjecaja. VpCI\u2122-387 vrlo je prakti\u010dan kada se zahtijeva deblji sloj premaza nano\u0161enjem odjednom. VpCI\u2122-387 mo\u017ee biti primjenjen direktno na povr\u0161inu metala ili se mo\u017ee koristiti kao temeljni i kao zavr\u0161ni premaz.<br \/>\nVpCI\u2122-387 ima odli\u010dnu otpornaost na su\u010devu svjetlost (UV otpornost). VpCI\u2122-387 dostupan je u nijansama prema zahtjevu kupca.<\/p>\n<p><strong>Pakiranje:<\/strong> ba\u010dve od 19 litara i 208 litara.<\/p>\n<p>Tehni\u010dki list proizvoda (TLP)<\/p>\n<p><a href=\"https:\/\/cortecros.com\/wp-content\/uploads\/2017\/08\/VpCI-387.pdf\">VpCI-387<\/a><\/p>\n<p>&nbsp;<\/p>\n<p>&nbsp;<\/p>\n","protected":false},"excerpt":{"rendered":"<p>VpCI\u2122-387 je debeloslojni zavr\u0161ni premaz za dugoro\u010dnu za\u0161titu metala kod izlo\u017eenosti atmosferkog utjecaja. VpCI\u2122-387 vrlo je prakti\u010dan kada se zahtijeva deblji sloj premaza nano\u0161enjem odjednom. VpCI\u2122-387 mo\u017ee biti primjenjen direktno na povr\u0161inu metala ili se mo\u017ee koristiti kao temeljni i kao zavr\u0161ni premaz. VpCI\u2122-387 ima odli\u010dnu otpornaost na su\u010devu svjetlost\u2026 <a class=\"continue-reading-link\" href=\"https:\/\/cortecros.com\/hr\/product\/vpci-387\/\">nastavi \u010ditati<\/a><\/p>\n","protected":false},"featured_media":0,"template":"","meta":{"ngg_post_thumbnail":0,"_links_to":"","_links_to_target":""},"product_brand":[],"product_cat":[36],"product_tag":[],"class_list":{"0":"post-3417","1":"product","2":"type-product","3":"status-publish","5":"product_cat-vpci-premazi-za-antikorozivnu-zastitu-i-konzervaciju-metala","7":"first","8":"instock","9":"shipping-taxable","10":"product-type-simple"},"_links":{"self":[{"href":"https:\/\/cortecros.com\/hr\/wp-json\/wp\/v2\/product\/3417","targetHints":{"allow":["GET"]}}],"collection":[{"href":"https:\/\/cortecros.com\/hr\/wp-json\/wp\/v2\/product"}],"about":[{"href":"https:\/\/cortecros.com\/hr\/wp-json\/wp\/v2\/types\/product"}],"wp:attachment":[{"href":"https:\/\/cortecros.com\/hr\/wp-json\/wp\/v2\/media?parent=3417"}],"wp:term":[{"taxonomy":"product_brand","embeddable":true,"href":"https:\/\/cortecros.com\/hr\/wp-json\/wp\/v2\/product_brand?post=3417"},{"taxonomy":"product_cat","embeddable":true,"href":"https:\/\/cortecros.com\/hr\/wp-json\/wp\/v2\/product_cat?post=3417"},{"taxonomy":"product_tag","embeddable":true,"href":"https:\/\/cortecros.com\/hr\/wp-json\/wp\/v2\/product_tag?post=3417"}],"curies":[{"name":"wp","href":"https:\/\/api.w.org\/{rel}","templated":true}]}}