{"id":3420,"date":"2017-05-17T18:14:07","date_gmt":"2017-05-17T18:14:07","guid":{"rendered":"http:\/\/cortecros.com\/product\/vpci-388-koncentrat-za-privremenu-zastitu-na-otvorenom-i-zatvorenom-skladistenju\/"},"modified":"2017-05-17T18:14:07","modified_gmt":"2017-05-17T18:14:07","slug":"vpci-388-koncentrat-za-privremenu-zastitu-na-otvorenom-i-zatvorenom-skladistenju","status":"publish","type":"product","link":"https:\/\/cortecros.com\/hr\/product\/vpci-388-koncentrat-za-privremenu-zastitu-na-otvorenom-i-zatvorenom-skladistenju\/","title":{"rendered":"VpCI\u00ae-388 Koncentrat za privremenu za\u0161titu na otvorenom i zatvorenom skladi\u0161tenju"},"content":{"rendered":"<p>Premaz na vodenoj osnovi, odli\u010dan nadomjestak za spre\u010davanje nastajanja korozije proizvoda na bazi ulja, za za\u0161titu na otvorenome i u zaklonjenim uvjetima. Mo\u017ee se ukloniti. Dostupne boje po narud\u017ebi. Mo\u017ee se razrje\u0111ivati s vodom. Ne zaga\u0111uje okoli\u0161. Nizak V.O.C.<\/p>\n<p><strong>Pakiranje:<\/strong> 19 l i 208 l.<\/p>\n<p>Tehni\u010dki list proizvoda (TLP)<\/p>\n<p><a href=\"https:\/\/cortecros.com\/wp-content\/uploads\/2017\/08\/VpCI-388.pdf\">VpCI-388<\/a><\/p>\n","protected":false},"excerpt":{"rendered":"<p>Premaz na vodenoj osnovi, odli\u010dan nadomjestak za spre\u010davanje nastajanja korozije proizvoda na bazi ulja, za za\u0161titu na otvorenome i u zaklonjenim uvjetima. Mo\u017ee se ukloniti. Dostupne boje po narud\u017ebi. Mo\u017ee se razrje\u0111ivati s vodom. Ne zaga\u0111uje okoli\u0161. Nizak V.O.C. Pakiranje: 19 l i 208 l. Tehni\u010dki list proizvoda (TLP) VpCI-388 <a class=\"continue-reading-link\" href=\"https:\/\/cortecros.com\/hr\/product\/vpci-388-koncentrat-za-privremenu-zastitu-na-otvorenom-i-zatvorenom-skladistenju\/\">nastavi \u010ditati<\/a><\/p>\n","protected":false},"featured_media":0,"template":"","meta":{"ngg_post_thumbnail":0,"_links_to":"","_links_to_target":""},"product_brand":[],"product_cat":[36],"product_tag":[],"class_list":{"0":"post-3420","1":"product","2":"type-product","3":"status-publish","5":"product_cat-vpci-premazi-za-antikorozivnu-zastitu-i-konzervaciju-metala","7":"first","8":"instock","9":"shipping-taxable","10":"product-type-simple"},"_links":{"self":[{"href":"https:\/\/cortecros.com\/hr\/wp-json\/wp\/v2\/product\/3420","targetHints":{"allow":["GET"]}}],"collection":[{"href":"https:\/\/cortecros.com\/hr\/wp-json\/wp\/v2\/product"}],"about":[{"href":"https:\/\/cortecros.com\/hr\/wp-json\/wp\/v2\/types\/product"}],"wp:attachment":[{"href":"https:\/\/cortecros.com\/hr\/wp-json\/wp\/v2\/media?parent=3420"}],"wp:term":[{"taxonomy":"product_brand","embeddable":true,"href":"https:\/\/cortecros.com\/hr\/wp-json\/wp\/v2\/product_brand?post=3420"},{"taxonomy":"product_cat","embeddable":true,"href":"https:\/\/cortecros.com\/hr\/wp-json\/wp\/v2\/product_cat?post=3420"},{"taxonomy":"product_tag","embeddable":true,"href":"https:\/\/cortecros.com\/hr\/wp-json\/wp\/v2\/product_tag?post=3420"}],"curies":[{"name":"wp","href":"https:\/\/api.w.org\/{rel}","templated":true}]}}