{"id":3423,"date":"2017-05-17T18:15:10","date_gmt":"2017-05-17T18:15:10","guid":{"rendered":"http:\/\/cortecros.com\/product\/vpci-389-privremeni-premaz\/"},"modified":"2017-08-04T08:24:39","modified_gmt":"2017-08-04T08:24:39","slug":"vpci-389-privremeni-premaz","status":"publish","type":"product","link":"https:\/\/cortecros.com\/hr\/product\/vpci-389-privremeni-premaz\/","title":{"rendered":"VpCI\u00ae-389 Privremeni premaz"},"content":{"rendered":"<p>Privremeni premaz na bazi vode za za\u0161titu kod skaldi\u0161tenja na otvorenom. Ostavlja poluproziran voskast film koji se lako uklanja. Niski sadr\u017eaj VOC, te se razrje\u0111uje se s vodom.<\/p>\n<p><strong>Pakiranje:<\/strong> 19 l i 208 l.<\/p>\n<p>Tehni\u010dki list proizvoda (TLP)<\/p>\n<p><a href=\"https:\/\/cortecros.com\/wp-content\/uploads\/2017\/08\/VpCI-389.pdf\">VpCI-389<\/a><\/p>\n","protected":false},"excerpt":{"rendered":"<p>Privremeni premaz na bazi vode za za\u0161titu kod skaldi\u0161tenja na otvorenom. Ostavlja poluproziran voskast film koji se lako uklanja. Niski sadr\u017eaj VOC, te se razrje\u0111uje se s vodom. Pakiranje: 19 l i 208 l. Tehni\u010dki list proizvoda (TLP) VpCI-389 <a class=\"continue-reading-link\" href=\"https:\/\/cortecros.com\/hr\/product\/vpci-389-privremeni-premaz\/\">nastavi \u010ditati<\/a><\/p>\n","protected":false},"featured_media":0,"template":"","meta":{"ngg_post_thumbnail":0,"_links_to":"","_links_to_target":""},"product_brand":[],"product_cat":[36],"product_tag":[],"class_list":{"0":"post-3423","1":"product","2":"type-product","3":"status-publish","5":"product_cat-vpci-premazi-za-antikorozivnu-zastitu-i-konzervaciju-metala","7":"first","8":"instock","9":"shipping-taxable","10":"product-type-simple"},"_links":{"self":[{"href":"https:\/\/cortecros.com\/hr\/wp-json\/wp\/v2\/product\/3423","targetHints":{"allow":["GET"]}}],"collection":[{"href":"https:\/\/cortecros.com\/hr\/wp-json\/wp\/v2\/product"}],"about":[{"href":"https:\/\/cortecros.com\/hr\/wp-json\/wp\/v2\/types\/product"}],"wp:attachment":[{"href":"https:\/\/cortecros.com\/hr\/wp-json\/wp\/v2\/media?parent=3423"}],"wp:term":[{"taxonomy":"product_brand","embeddable":true,"href":"https:\/\/cortecros.com\/hr\/wp-json\/wp\/v2\/product_brand?post=3423"},{"taxonomy":"product_cat","embeddable":true,"href":"https:\/\/cortecros.com\/hr\/wp-json\/wp\/v2\/product_cat?post=3423"},{"taxonomy":"product_tag","embeddable":true,"href":"https:\/\/cortecros.com\/hr\/wp-json\/wp\/v2\/product_tag?post=3423"}],"curies":[{"name":"wp","href":"https:\/\/api.w.org\/{rel}","templated":true}]}}