{"id":3424,"date":"2017-05-17T18:16:07","date_gmt":"2017-05-17T18:16:07","guid":{"rendered":"http:\/\/cortecros.com\/product\/vpci-390-privremeni-premaz-na-bazi-vode\/"},"modified":"2017-05-17T18:16:07","modified_gmt":"2017-05-17T18:16:07","slug":"vpci-390-privremeni-premaz-na-bazi-vode","status":"publish","type":"product","link":"https:\/\/cortecros.com\/hr\/product\/vpci-390-privremeni-premaz-na-bazi-vode\/","title":{"rendered":"VpCI\u00ae-390 Privremeni premaz na bazi vode"},"content":{"rendered":"<p>Privremeni premaz na bazi vode za za\u0161titu na otvorenom. Ostavlja poluprozirni suhi film koji se mo\u017ee ukloniti \u010dista\u0107ima i odma\u0161\u010diva\u010dima na bazi limnske kiseline ili drugih odma\u0161\u010diva\u010da na bazi otapala. Dostupno u bojama po narud\u017ebi.<br \/>\n<b>Pakiranje:<\/b>\u00a019 litara kanister, 208 litara ba\u010dva.<\/p>\n","protected":false},"excerpt":{"rendered":"<p>Privremeni premaz na bazi vode za za\u0161titu na otvorenom. Ostavlja poluprozirni suhi film koji se mo\u017ee ukloniti \u010dista\u0107ima i odma\u0161\u010diva\u010dima na bazi limnske kiseline ili drugih odma\u0161\u010diva\u010da na bazi otapala. Dostupno u bojama po narud\u017ebi. Pakiranje:\u00a019 litara kanister, 208 litara ba\u010dva. <a class=\"continue-reading-link\" href=\"https:\/\/cortecros.com\/hr\/product\/vpci-390-privremeni-premaz-na-bazi-vode\/\">nastavi \u010ditati<\/a><\/p>\n","protected":false},"featured_media":0,"template":"","meta":{"ngg_post_thumbnail":0,"_links_to":"","_links_to_target":""},"product_brand":[],"product_cat":[36],"product_tag":[],"class_list":{"0":"post-3424","1":"product","2":"type-product","3":"status-publish","5":"product_cat-vpci-premazi-za-antikorozivnu-zastitu-i-konzervaciju-metala","7":"first","8":"instock","9":"shipping-taxable","10":"product-type-simple"},"_links":{"self":[{"href":"https:\/\/cortecros.com\/hr\/wp-json\/wp\/v2\/product\/3424","targetHints":{"allow":["GET"]}}],"collection":[{"href":"https:\/\/cortecros.com\/hr\/wp-json\/wp\/v2\/product"}],"about":[{"href":"https:\/\/cortecros.com\/hr\/wp-json\/wp\/v2\/types\/product"}],"wp:attachment":[{"href":"https:\/\/cortecros.com\/hr\/wp-json\/wp\/v2\/media?parent=3424"}],"wp:term":[{"taxonomy":"product_brand","embeddable":true,"href":"https:\/\/cortecros.com\/hr\/wp-json\/wp\/v2\/product_brand?post=3424"},{"taxonomy":"product_cat","embeddable":true,"href":"https:\/\/cortecros.com\/hr\/wp-json\/wp\/v2\/product_cat?post=3424"},{"taxonomy":"product_tag","embeddable":true,"href":"https:\/\/cortecros.com\/hr\/wp-json\/wp\/v2\/product_tag?post=3424"}],"curies":[{"name":"wp","href":"https:\/\/api.w.org\/{rel}","templated":true}]}}