{"id":3427,"date":"2017-05-17T18:17:13","date_gmt":"2017-05-17T18:17:13","guid":{"rendered":"http:\/\/cortecros.com\/product\/vpci-391-neljepljivi-privremeni-premaz\/"},"modified":"2023-05-03T09:46:39","modified_gmt":"2023-05-03T09:46:39","slug":"vpci-391-neljepljivi-privremeni-premaz","status":"publish","type":"product","link":"https:\/\/cortecros.com\/hr\/product\/vpci-391-neljepljivi-privremeni-premaz\/","title":{"rendered":"VpCI\u00ae-391 odstranjivi privremeni premaz na bazi vode"},"content":{"rendered":"<p>VpCI-391 je privremeni premaz na bazi vode koji je namijenjen za srednju do dugotrajnu za\u0161titu na otvorenom i u zatvorenom. VpCI-391 stvara neljepljivi, prozirni film na metalnoj povr\u0161ini, i pri tome osigurava rezistenciju na sol, vlagu i UV zra\u010denje.<\/p>\n<p><strong>Pakiranje:<\/strong> 19 l kanistri, 208 l ba\u010dve<\/p>\n<p>Tehni\u010dki list proizvoda (TLP)<\/p>\n<p><a href=\"https:\/\/cortecros.com\/wp-content\/uploads\/2023\/05\/VpCI-391NEW-1.pdf\">VpCI-391<\/a><\/p>\n","protected":false},"excerpt":{"rendered":"<p>VpCI-391 je privremeni premaz na bazi vode koji je namijenjen za srednju do dugotrajnu za\u0161titu na otvorenom i u zatvorenom. VpCI-391 stvara neljepljivi, prozirni film na metalnoj povr\u0161ini, i pri tome osigurava rezistenciju na sol, vlagu i UV zra\u010denje. Pakiranje: 19 l kanistri, 208 l ba\u010dve Tehni\u010dki list proizvoda (TLP)\u2026 <a class=\"continue-reading-link\" href=\"https:\/\/cortecros.com\/hr\/product\/vpci-391-neljepljivi-privremeni-premaz\/\">nastavi \u010ditati<\/a><\/p>\n","protected":false},"featured_media":17310,"template":"","meta":{"ngg_post_thumbnail":0,"_links_to":"","_links_to_target":""},"product_brand":[],"product_cat":[36],"product_tag":[],"class_list":{"0":"post-3427","1":"product","2":"type-product","3":"status-publish","4":"has-post-thumbnail","6":"product_cat-vpci-premazi-za-antikorozivnu-zastitu-i-konzervaciju-metala","8":"first","9":"instock","10":"shipping-taxable","11":"product-type-simple"},"_links":{"self":[{"href":"https:\/\/cortecros.com\/hr\/wp-json\/wp\/v2\/product\/3427","targetHints":{"allow":["GET"]}}],"collection":[{"href":"https:\/\/cortecros.com\/hr\/wp-json\/wp\/v2\/product"}],"about":[{"href":"https:\/\/cortecros.com\/hr\/wp-json\/wp\/v2\/types\/product"}],"wp:featuredmedia":[{"embeddable":true,"href":"https:\/\/cortecros.com\/hr\/wp-json\/wp\/v2\/media\/17310"}],"wp:attachment":[{"href":"https:\/\/cortecros.com\/hr\/wp-json\/wp\/v2\/media?parent=3427"}],"wp:term":[{"taxonomy":"product_brand","embeddable":true,"href":"https:\/\/cortecros.com\/hr\/wp-json\/wp\/v2\/product_brand?post=3427"},{"taxonomy":"product_cat","embeddable":true,"href":"https:\/\/cortecros.com\/hr\/wp-json\/wp\/v2\/product_cat?post=3427"},{"taxonomy":"product_tag","embeddable":true,"href":"https:\/\/cortecros.com\/hr\/wp-json\/wp\/v2\/product_tag?post=3427"}],"curies":[{"name":"wp","href":"https:\/\/api.w.org\/{rel}","templated":true}]}}