{"id":3428,"date":"2017-05-17T18:23:26","date_gmt":"2017-05-17T18:23:26","guid":{"rendered":"http:\/\/cortecros.com\/product\/vpci-395-epoxy-primer\/"},"modified":"2017-05-17T18:23:26","modified_gmt":"2017-05-17T18:23:26","slug":"vpci-395-epoxy-primer","status":"publish","type":"product","link":"https:\/\/cortecros.com\/hr\/product\/vpci-395-epoxy-primer\/","title":{"rendered":"VpCI\u00ae-395 Epoxy Primer"},"content":{"rendered":"<p>Epoksi premaz 2-K na vodenoj osnovi koji pru\u017ea izvrsnu za\u0161titu od korozije u gotovo svim uvjetima.<br \/>\nMo\u017ee se nanositi prskanjem, \u010detkom ili valjkom.<\/p>\n<p><strong>Pakiranje:<\/strong> 19 l komplet (A B komp.)<\/p>\n","protected":false},"excerpt":{"rendered":"<p>Epoksi premaz 2-K na vodenoj osnovi koji pru\u017ea izvrsnu za\u0161titu od korozije u gotovo svim uvjetima. Mo\u017ee se nanositi prskanjem, \u010detkom ili valjkom. Pakiranje: 19 l komplet (A B komp.) <a class=\"continue-reading-link\" href=\"https:\/\/cortecros.com\/hr\/product\/vpci-395-epoxy-primer\/\">nastavi \u010ditati<\/a><\/p>\n","protected":false},"featured_media":0,"template":"","meta":{"ngg_post_thumbnail":0,"_links_to":"","_links_to_target":""},"product_brand":[],"product_cat":[36],"product_tag":[],"class_list":{"0":"post-3428","1":"product","2":"type-product","3":"status-publish","5":"product_cat-vpci-premazi-za-antikorozivnu-zastitu-i-konzervaciju-metala","7":"first","8":"instock","9":"shipping-taxable","10":"product-type-simple"},"_links":{"self":[{"href":"https:\/\/cortecros.com\/hr\/wp-json\/wp\/v2\/product\/3428","targetHints":{"allow":["GET"]}}],"collection":[{"href":"https:\/\/cortecros.com\/hr\/wp-json\/wp\/v2\/product"}],"about":[{"href":"https:\/\/cortecros.com\/hr\/wp-json\/wp\/v2\/types\/product"}],"wp:attachment":[{"href":"https:\/\/cortecros.com\/hr\/wp-json\/wp\/v2\/media?parent=3428"}],"wp:term":[{"taxonomy":"product_brand","embeddable":true,"href":"https:\/\/cortecros.com\/hr\/wp-json\/wp\/v2\/product_brand?post=3428"},{"taxonomy":"product_cat","embeddable":true,"href":"https:\/\/cortecros.com\/hr\/wp-json\/wp\/v2\/product_cat?post=3428"},{"taxonomy":"product_tag","embeddable":true,"href":"https:\/\/cortecros.com\/hr\/wp-json\/wp\/v2\/product_tag?post=3428"}],"curies":[{"name":"wp","href":"https:\/\/api.w.org\/{rel}","templated":true}]}}