{"id":3429,"date":"2017-05-17T18:25:42","date_gmt":"2017-05-17T18:25:42","guid":{"rendered":"http:\/\/cortecros.com\/product\/vpci-396\/"},"modified":"2017-08-04T08:31:55","modified_gmt":"2017-08-04T08:31:55","slug":"vpci-396-uretanski-premaz","status":"publish","type":"product","link":"https:\/\/cortecros.com\/hr\/product\/vpci-396-uretanski-premaz\/","title":{"rendered":"VpCI\u00ae-396 Uretanski premaz"},"content":{"rendered":"<p>VpCI-396 je uretanski premaz s velikim postotkom krute tvari. Uklanja vlagu, a koristi se na slabo pripremljenom strukturalnom \u010deliku. VpCI-396 predstavlja temeljni premaz za za\u0161titu crnih i obojenih metala. VpCI-396 mo\u017ee se koristiti kao jedini premaz u za\u0161titi metala u zatvorenim ili natkritih prostorima. Uz izvrsnu barijernu za\u0161titu, VpCI-396 tako\u0111er sadr\u017ei inhibitore korozije koji pru\u017eaju dodatnu za\u0161titu. VpCI-396 prikladan je za strukture koje su uronjene, te kada se nanosi preko Corrvertera kod slabo pripremljenih povr\u0161ina npr. balastnih tankova ili brodova.<br \/>\nPokrivnost: 24 m<sup>2<\/sup>\/l<br \/>\n<b>Pakiranje:<\/b>\u00a019 l i 3,8 l (Jednokomponentno pakiranje)<\/p>\n<p>Tehni\u010dki list proizvoda (TLP)<\/p>\n<p><a href=\"https:\/\/cortecros.com\/wp-content\/uploads\/2017\/08\/VpCI-396.pdf\">VpCI-396<\/a><\/p>\n","protected":false},"excerpt":{"rendered":"<p>VpCI-396 je uretanski premaz s velikim postotkom krute tvari. Uklanja vlagu, a koristi se na slabo pripremljenom strukturalnom \u010deliku. VpCI-396 predstavlja temeljni premaz za za\u0161titu crnih i obojenih metala. VpCI-396 mo\u017ee se koristiti kao jedini premaz u za\u0161titi metala u zatvorenim ili natkritih prostorima. Uz izvrsnu barijernu za\u0161titu, VpCI-396 tako\u0111er\u2026 <a class=\"continue-reading-link\" href=\"https:\/\/cortecros.com\/hr\/product\/vpci-396-uretanski-premaz\/\">nastavi \u010ditati<\/a><\/p>\n","protected":false},"featured_media":0,"template":"","meta":{"ngg_post_thumbnail":0,"_links_to":"","_links_to_target":""},"product_brand":[],"product_cat":[36],"product_tag":[],"class_list":{"0":"post-3429","1":"product","2":"type-product","3":"status-publish","5":"product_cat-vpci-premazi-za-antikorozivnu-zastitu-i-konzervaciju-metala","7":"first","8":"instock","9":"shipping-taxable","10":"product-type-simple"},"_links":{"self":[{"href":"https:\/\/cortecros.com\/hr\/wp-json\/wp\/v2\/product\/3429","targetHints":{"allow":["GET"]}}],"collection":[{"href":"https:\/\/cortecros.com\/hr\/wp-json\/wp\/v2\/product"}],"about":[{"href":"https:\/\/cortecros.com\/hr\/wp-json\/wp\/v2\/types\/product"}],"wp:attachment":[{"href":"https:\/\/cortecros.com\/hr\/wp-json\/wp\/v2\/media?parent=3429"}],"wp:term":[{"taxonomy":"product_brand","embeddable":true,"href":"https:\/\/cortecros.com\/hr\/wp-json\/wp\/v2\/product_brand?post=3429"},{"taxonomy":"product_cat","embeddable":true,"href":"https:\/\/cortecros.com\/hr\/wp-json\/wp\/v2\/product_cat?post=3429"},{"taxonomy":"product_tag","embeddable":true,"href":"https:\/\/cortecros.com\/hr\/wp-json\/wp\/v2\/product_tag?post=3429"}],"curies":[{"name":"wp","href":"https:\/\/api.w.org\/{rel}","templated":true}]}}