{"id":3434,"date":"2017-05-17T18:40:39","date_gmt":"2017-05-17T18:40:39","guid":{"rendered":"http:\/\/cortecros.com\/product\/vpci-308-prah\/"},"modified":"2017-05-17T18:40:39","modified_gmt":"2017-05-17T18:40:39","slug":"vpci-308-prah","status":"publish","type":"product","link":"https:\/\/cortecros.com\/hr\/product\/vpci-308-prah\/","title":{"rendered":"VpCI\u00ae-308 Prah"},"content":{"rendered":"<p>VpCI-308 je hlapivi inhibitor korozije u obliku praha namijenjen za za\u0161titu neobojenih i obojenih metala od korozije u udubljenim dijelovima, \u0161upljinama i zatvorenim prostorima. VpCI-308 poja\u010dava multimetalnu za\u0161titu i topljivost u vodi, tako\u0111er zbog biorazgradljivih karakteristika nije \u0161tetan za okoli\u0161.<\/p>\n<p><strong>Pakiranje:<\/strong> 2.3 kg, 23 kg i 45 kg.<\/p>\n<p>Tehni\u010dki list proizvoda (TLP)<\/p>\n<p><a href=\"https:\/\/cortecros.com\/wp-content\/uploads\/2017\/08\/VpCI-308-Powder.pdf\">VpCI-308 Powder<\/a><\/p>\n","protected":false},"excerpt":{"rendered":"<p>VpCI-308 je hlapivi inhibitor korozije u obliku praha namijenjen za za\u0161titu neobojenih i obojenih metala od korozije u udubljenim dijelovima, \u0161upljinama i zatvorenim prostorima. VpCI-308 poja\u010dava multimetalnu za\u0161titu i topljivost u vodi, tako\u0111er zbog biorazgradljivih karakteristika nije \u0161tetan za okoli\u0161. Pakiranje: 2.3 kg, 23 kg i 45 kg. Tehni\u010dki list\u2026 <a class=\"continue-reading-link\" href=\"https:\/\/cortecros.com\/hr\/product\/vpci-308-prah\/\">nastavi \u010ditati<\/a><\/p>\n","protected":false},"featured_media":0,"template":"","meta":{"ngg_post_thumbnail":0,"_links_to":"","_links_to_target":""},"product_brand":[],"product_cat":[37],"product_tag":[],"class_list":{"0":"post-3434","1":"product","2":"type-product","3":"status-publish","5":"product_cat-vpci-prah-za-zastitu-metala","7":"first","8":"instock","9":"shipping-taxable","10":"product-type-simple"},"_links":{"self":[{"href":"https:\/\/cortecros.com\/hr\/wp-json\/wp\/v2\/product\/3434","targetHints":{"allow":["GET"]}}],"collection":[{"href":"https:\/\/cortecros.com\/hr\/wp-json\/wp\/v2\/product"}],"about":[{"href":"https:\/\/cortecros.com\/hr\/wp-json\/wp\/v2\/types\/product"}],"wp:attachment":[{"href":"https:\/\/cortecros.com\/hr\/wp-json\/wp\/v2\/media?parent=3434"}],"wp:term":[{"taxonomy":"product_brand","embeddable":true,"href":"https:\/\/cortecros.com\/hr\/wp-json\/wp\/v2\/product_brand?post=3434"},{"taxonomy":"product_cat","embeddable":true,"href":"https:\/\/cortecros.com\/hr\/wp-json\/wp\/v2\/product_cat?post=3434"},{"taxonomy":"product_tag","embeddable":true,"href":"https:\/\/cortecros.com\/hr\/wp-json\/wp\/v2\/product_tag?post=3434"}],"curies":[{"name":"wp","href":"https:\/\/api.w.org\/{rel}","templated":true}]}}