{"id":3435,"date":"2017-05-23T18:53:13","date_gmt":"2017-05-23T18:53:13","guid":{"rendered":"http:\/\/cortecros.com\/product\/vpci-417-prah-za-ciscenje-i-odmascivanje\/"},"modified":"2026-03-05T08:37:59","modified_gmt":"2026-03-05T08:37:59","slug":"vpci-417-prah-za-ciscenje-i-odmascivanje","status":"publish","type":"product","link":"https:\/\/cortecros.com\/hr\/product\/vpci-417-prah-za-ciscenje-i-odmascivanje\/","title":{"rendered":"VpCI\u00ae-417 Prah za \u010di\u0161\u0107enje i odma\u0161\u0107ivanje"},"content":{"rendered":"<p>Odma\u0161\u0107iva\u010d\/\u010dista\u010d velikog u\u010dinka za \u010di\u0161\u0107enje industrijske opreme. Izvrsno za pranje pod tlakom i za sustave vrpci. Bez fosfata, slabo pjenu\u0161av.<br \/>\n<b>Pakiranje:<\/b>&nbsp;2.27, 22.7 i 45.4 kg.<\/p>\n","protected":false},"excerpt":{"rendered":"<p>Odma\u0161\u0107iva\u010d\/\u010dista\u010d velikog u\u010dinka za \u010di\u0161\u0107enje industrijske opreme. Izvrsno za pranje pod tlakom i za sustave vrpci. Bez fosfata, slabo pjenu\u0161av. Pakiranje:&nbsp;2.27, 22.7 i 45.4 kg. <a class=\"continue-reading-link\" href=\"https:\/\/cortecros.com\/hr\/product\/vpci-417-prah-za-ciscenje-i-odmascivanje\/\">nastavi \u010ditati<\/a><\/p>\n","protected":false},"featured_media":0,"template":"","meta":{"ngg_post_thumbnail":0,"_links_to":"","_links_to_target":""},"product_brand":[],"product_cat":[39],"product_tag":[],"class_list":{"0":"post-3435","1":"product","2":"type-product","3":"status-publish","5":"product_cat-vpci-proizvodi-za-ciscenje-odmascivanje-i-pripremu-povrsine-metala","7":"first","8":"instock","9":"shipping-taxable","10":"product-type-simple"},"_links":{"self":[{"href":"https:\/\/cortecros.com\/hr\/wp-json\/wp\/v2\/product\/3435","targetHints":{"allow":["GET"]}}],"collection":[{"href":"https:\/\/cortecros.com\/hr\/wp-json\/wp\/v2\/product"}],"about":[{"href":"https:\/\/cortecros.com\/hr\/wp-json\/wp\/v2\/types\/product"}],"wp:attachment":[{"href":"https:\/\/cortecros.com\/hr\/wp-json\/wp\/v2\/media?parent=3435"}],"wp:term":[{"taxonomy":"product_brand","embeddable":true,"href":"https:\/\/cortecros.com\/hr\/wp-json\/wp\/v2\/product_brand?post=3435"},{"taxonomy":"product_cat","embeddable":true,"href":"https:\/\/cortecros.com\/hr\/wp-json\/wp\/v2\/product_cat?post=3435"},{"taxonomy":"product_tag","embeddable":true,"href":"https:\/\/cortecros.com\/hr\/wp-json\/wp\/v2\/product_tag?post=3435"}],"curies":[{"name":"wp","href":"https:\/\/api.w.org\/{rel}","templated":true}]}}