{"id":3438,"date":"2017-05-23T18:54:59","date_gmt":"2017-05-23T18:54:59","guid":{"rendered":"http:\/\/cortecros.com\/product\/vpci-418-prah-za-ciscenje-i-odmascivanje\/"},"modified":"2026-03-05T08:36:34","modified_gmt":"2026-03-05T08:36:34","slug":"vpci-418-prah-za-ciscenje-i-odmascivanje","status":"publish","type":"product","link":"https:\/\/cortecros.com\/hr\/product\/vpci-418-prah-za-ciscenje-i-odmascivanje\/","title":{"rendered":"VpCI\u00ae-418 Prah za \u010di\u0161\u010denje i odma\u0161\u010divanje"},"content":{"rendered":"<p>Prah visokog u\u010dinka za \u010di\u0161\u0107enja i odma\u0161\u0107ivanja u industrijskim postrojenjima, naftnim poljima, strojevima za industrijska pranja i odma\u0161\u0107ivanja te razne komercijalne i pomorske<\/p>\n<p><strong>Pakiranje:<\/strong> vre\u0107a 2,3 kg, ba\u010dvama 23 kg i u ba\u010dvama od 45 kg<\/p>\n<p>Tehni\u010dki list proizvoda (TLP)<\/p>\n<p><a href=\"https:\/\/cortecros.com\/wp-content\/uploads\/2017\/08\/VpCI-418-prah_VpCI-418-prah-u-vodotopivoj-vre\u0107ici.pdf\">VpCI-418 prah_VpCI-418 prah u vodotopivoj vre\u0107ici<\/a><\/p>\n","protected":false},"excerpt":{"rendered":"<p>Prah visokog u\u010dinka za \u010di\u0161\u0107enja i odma\u0161\u0107ivanja u industrijskim postrojenjima, naftnim poljima, strojevima za industrijska pranja i odma\u0161\u0107ivanja te razne komercijalne i pomorske Pakiranje: vre\u0107a 2,3 kg, ba\u010dvama 23 kg i u ba\u010dvama od 45 kg Tehni\u010dki list proizvoda (TLP) VpCI-418 prah_VpCI-418 prah u vodotopivoj vre\u0107ici <a class=\"continue-reading-link\" href=\"https:\/\/cortecros.com\/hr\/product\/vpci-418-prah-za-ciscenje-i-odmascivanje\/\">nastavi \u010ditati<\/a><\/p>\n","protected":false},"featured_media":0,"template":"","meta":{"ngg_post_thumbnail":0,"_links_to":"","_links_to_target":""},"product_brand":[],"product_cat":[39],"product_tag":[],"class_list":{"0":"post-3438","1":"product","2":"type-product","3":"status-publish","5":"product_cat-vpci-proizvodi-za-ciscenje-odmascivanje-i-pripremu-povrsine-metala","7":"first","8":"instock","9":"shipping-taxable","10":"product-type-simple"},"_links":{"self":[{"href":"https:\/\/cortecros.com\/hr\/wp-json\/wp\/v2\/product\/3438","targetHints":{"allow":["GET"]}}],"collection":[{"href":"https:\/\/cortecros.com\/hr\/wp-json\/wp\/v2\/product"}],"about":[{"href":"https:\/\/cortecros.com\/hr\/wp-json\/wp\/v2\/types\/product"}],"wp:attachment":[{"href":"https:\/\/cortecros.com\/hr\/wp-json\/wp\/v2\/media?parent=3438"}],"wp:term":[{"taxonomy":"product_brand","embeddable":true,"href":"https:\/\/cortecros.com\/hr\/wp-json\/wp\/v2\/product_brand?post=3438"},{"taxonomy":"product_cat","embeddable":true,"href":"https:\/\/cortecros.com\/hr\/wp-json\/wp\/v2\/product_cat?post=3438"},{"taxonomy":"product_tag","embeddable":true,"href":"https:\/\/cortecros.com\/hr\/wp-json\/wp\/v2\/product_tag?post=3438"}],"curies":[{"name":"wp","href":"https:\/\/api.w.org\/{rel}","templated":true}]}}