{"id":3441,"date":"2017-05-23T19:00:50","date_gmt":"2017-05-23T19:00:50","guid":{"rendered":"http:\/\/cortecros.com\/product\/vpci-425-neutralni-prah-za-uklanjanje-hrde\/"},"modified":"2026-03-05T08:34:56","modified_gmt":"2026-03-05T08:34:56","slug":"vpci-425-neutralni-prah-za-uklanjanje-hrde","status":"publish","type":"product","link":"https:\/\/cortecros.com\/hr\/product\/vpci-425-neutralni-prah-za-uklanjanje-hrde\/","title":{"rendered":"VpCI\u00ae-425 Neutralni prah za uklanjanje hr\u0111e"},"content":{"rendered":"<p>Biorazgradiv, prihvatljiv za okoli\u0161, organski, nezapaljiv. Uklanja hr\u0111u, produkte oksidacije i kamenac. Djelotvoran u malim dozama.<\/p>\n<p><strong>Pakiranje:<\/strong> 2.28 kg, 22.7 kg i 45.5 kg<\/p>\n<p>Tehni\u010dki list proizvoda (TLP)<\/p>\n<p><a href=\"https:\/\/cortecros.com\/wp-content\/uploads\/2017\/08\/VpCI-425.pdf\">VpCI-425<\/a><\/p>\n","protected":false},"excerpt":{"rendered":"<p>Biorazgradiv, prihvatljiv za okoli\u0161, organski, nezapaljiv. Uklanja hr\u0111u, produkte oksidacije i kamenac. Djelotvoran u malim dozama. Pakiranje: 2.28 kg, 22.7 kg i 45.5 kg Tehni\u010dki list proizvoda (TLP) VpCI-425 <a class=\"continue-reading-link\" href=\"https:\/\/cortecros.com\/hr\/product\/vpci-425-neutralni-prah-za-uklanjanje-hrde\/\">nastavi \u010ditati<\/a><\/p>\n","protected":false},"featured_media":0,"template":"","meta":{"ngg_post_thumbnail":0,"_links_to":"","_links_to_target":""},"product_brand":[],"product_cat":[39],"product_tag":[],"class_list":{"0":"post-3441","1":"product","2":"type-product","3":"status-publish","5":"product_cat-vpci-proizvodi-za-ciscenje-odmascivanje-i-pripremu-povrsine-metala","7":"first","8":"instock","9":"shipping-taxable","10":"product-type-simple"},"_links":{"self":[{"href":"https:\/\/cortecros.com\/hr\/wp-json\/wp\/v2\/product\/3441","targetHints":{"allow":["GET"]}}],"collection":[{"href":"https:\/\/cortecros.com\/hr\/wp-json\/wp\/v2\/product"}],"about":[{"href":"https:\/\/cortecros.com\/hr\/wp-json\/wp\/v2\/types\/product"}],"wp:attachment":[{"href":"https:\/\/cortecros.com\/hr\/wp-json\/wp\/v2\/media?parent=3441"}],"wp:term":[{"taxonomy":"product_brand","embeddable":true,"href":"https:\/\/cortecros.com\/hr\/wp-json\/wp\/v2\/product_brand?post=3441"},{"taxonomy":"product_cat","embeddable":true,"href":"https:\/\/cortecros.com\/hr\/wp-json\/wp\/v2\/product_cat?post=3441"},{"taxonomy":"product_tag","embeddable":true,"href":"https:\/\/cortecros.com\/hr\/wp-json\/wp\/v2\/product_tag?post=3441"}],"curies":[{"name":"wp","href":"https:\/\/api.w.org\/{rel}","templated":true}]}}