{"id":3442,"date":"2017-05-16T14:26:40","date_gmt":"2017-05-16T14:26:40","guid":{"rendered":"http:\/\/cortecros.com\/product\/vpci-609-prah-2\/"},"modified":"2020-10-21T08:55:44","modified_gmt":"2020-10-21T08:55:44","slug":"vpci-609-prah-2","status":"publish","type":"product","link":"https:\/\/cortecros.com\/hr\/product\/vpci-609-prah-2\/","title":{"rendered":"VpCI\u00ae-609 Prah"},"content":{"rendered":"<p>VpCI\u00ae-609 je vodotopivi prah s inhibitorom korozije (VpCI\u00ae) za vla\u017enu ili suhu za\u0161titu od korozije crnih metala i aluminija.VpCI-609 dostupan je i kao VpCI-609S (sa silikatom, SiO<sub>2<\/sub>).<br \/>\nVpCI-609 prah omogu\u0107uje vrlo efikasnu vla\u017enu i suhu za\u0161titu metala od korozije u zatvorenim prostorima. Inhibitori korozije hlape i absorbiraju se na svim povr\u0161inama metala uklju\u010duju\u0107i i nepristupa\u010dne i nedostupne udubine.<\/p>\n<p><strong>Primjena:<\/strong> \u2022 Cjevaste konstrukcije, cijevi i posude \u2022 Unutarnje povr\u0161ine kompresora, turbina, motora, spremnika, kotlova, izmjenjiva\u010da topline \u2022 Parni kotlovski vodovi, sustavi zatvorenog kruga grijanja i hla\u0111enja \u2022 Oprema tijekom i nakon hidrostati\u010dkog ispitivanja \u2022 Dijelovi, sastavni dijelovi i zavr\u0161eni sklopovi tijekom dostave i skladi\u0161tenja \u2022 Dodatak staja\u0107oj vodi \u2022 \u0160upljine i spremnici<\/p>\n<p><strong>Za\u0161tita:<\/strong> Pru\u017ea do 24 mjeseca kontinuirane za\u0161tite..<\/p>\n<p><strong>Pakiranje:\u00a0<\/strong>ba\u010dva od 2,27 kg, 22,7 kg i 45,4 kg.<\/p>\n<p><strong>Tehni\u010dki list proizvoda<\/strong><br \/>\n<a href=\"https:\/\/cortecros.com\/wp-content\/uploads\/2020\/10\/VpCI-609VpCI-609S_hr.pdf\">VpCI-609.VpCI-609S<\/a><\/p>\n","protected":false},"excerpt":{"rendered":"<p>VpCI\u00ae-609 je vodotopivi prah s inhibitorom korozije (VpCI\u00ae) za vla\u017enu ili suhu za\u0161titu od korozije crnih metala i aluminija.VpCI-609 dostupan je i kao VpCI-609S (sa silikatom, SiO2). VpCI-609 prah omogu\u0107uje vrlo efikasnu vla\u017enu i suhu za\u0161titu metala od korozije u zatvorenim prostorima. Inhibitori korozije hlape i absorbiraju se na svim\u2026 <a class=\"continue-reading-link\" href=\"https:\/\/cortecros.com\/hr\/product\/vpci-609-prah-2\/\">nastavi \u010ditati<\/a><\/p>\n","protected":false},"featured_media":34541,"template":"","meta":{"ngg_post_thumbnail":0,"_links_to":"","_links_to_target":""},"product_brand":[],"product_cat":[34,37],"product_tag":[],"class_list":{"0":"post-3442","1":"product","2":"type-product","3":"status-publish","4":"has-post-thumbnail","6":"product_cat-aditivi-za-ulja-obradu-voda-i-inhibitori-korozije-za-naftnu-industriju","7":"product_cat-vpci-prah-za-zastitu-metala","9":"first","10":"instock","11":"shipping-taxable","12":"product-type-simple"},"_links":{"self":[{"href":"https:\/\/cortecros.com\/hr\/wp-json\/wp\/v2\/product\/3442","targetHints":{"allow":["GET"]}}],"collection":[{"href":"https:\/\/cortecros.com\/hr\/wp-json\/wp\/v2\/product"}],"about":[{"href":"https:\/\/cortecros.com\/hr\/wp-json\/wp\/v2\/types\/product"}],"wp:featuredmedia":[{"embeddable":true,"href":"https:\/\/cortecros.com\/hr\/wp-json\/wp\/v2\/media\/34541"}],"wp:attachment":[{"href":"https:\/\/cortecros.com\/hr\/wp-json\/wp\/v2\/media?parent=3442"}],"wp:term":[{"taxonomy":"product_brand","embeddable":true,"href":"https:\/\/cortecros.com\/hr\/wp-json\/wp\/v2\/product_brand?post=3442"},{"taxonomy":"product_cat","embeddable":true,"href":"https:\/\/cortecros.com\/hr\/wp-json\/wp\/v2\/product_cat?post=3442"},{"taxonomy":"product_tag","embeddable":true,"href":"https:\/\/cortecros.com\/hr\/wp-json\/wp\/v2\/product_tag?post=3442"}],"curies":[{"name":"wp","href":"https:\/\/api.w.org\/{rel}","templated":true}]}}