{"id":3445,"date":"2017-05-22T13:58:21","date_gmt":"2017-05-22T13:58:21","guid":{"rendered":"http:\/\/cortecros.com\/product\/cor-pak-vpci-bubbles\/"},"modified":"2017-05-22T13:58:21","modified_gmt":"2017-05-22T13:58:21","slug":"cor-pak-vpci-bubbles","status":"publish","type":"product","link":"https:\/\/cortecros.com\/hr\/product\/cor-pak-vpci-bubbles\/","title":{"rendered":"Cor-Pak\u00ae VpCI\u00ae Bubbles"},"content":{"rendered":"<p>NOVO jedinstveno dvostruko djelovanje:adsorbcija vlage i VpCI za\u0161tita.<br \/>\nPredvi\u0111eno za \u201cpakiranje i za\u0161titu od udara\u201d, \u201cpunjenje otvora\u201d i \u201cumetanje\u201d. VpCI sadr\u017ean u mjehuri\u0107ima pru\u017ea vi\u0161emetalnu za\u0161titu.<br \/>\n<b>Pakiranje:<\/b>\u00a0standardno i po narud\u017ebi plahte, vre\u0107ice i snopovi.<\/p>\n","protected":false},"excerpt":{"rendered":"<p>NOVO jedinstveno dvostruko djelovanje:adsorbcija vlage i VpCI za\u0161tita. Predvi\u0111eno za \u201cpakiranje i za\u0161titu od udara\u201d, \u201cpunjenje otvora\u201d i \u201cumetanje\u201d. VpCI sadr\u017ean u mjehuri\u0107ima pru\u017ea vi\u0161emetalnu za\u0161titu. Pakiranje:\u00a0standardno i po narud\u017ebi plahte, vre\u0107ice i snopovi. <a class=\"continue-reading-link\" href=\"https:\/\/cortecros.com\/hr\/product\/cor-pak-vpci-bubbles\/\">nastavi \u010ditati<\/a><\/p>\n","protected":false},"featured_media":0,"template":"","meta":{"ngg_post_thumbnail":0,"_links_to":"","_links_to_target":""},"product_brand":[],"product_cat":[38],"product_tag":[],"class_list":{"0":"post-3445","1":"product","2":"type-product","3":"status-publish","5":"product_cat-vpci-proizvodi-za-pakiranje-i-konzervaciju","7":"first","8":"instock","9":"shipping-taxable","10":"product-type-simple"},"_links":{"self":[{"href":"https:\/\/cortecros.com\/hr\/wp-json\/wp\/v2\/product\/3445","targetHints":{"allow":["GET"]}}],"collection":[{"href":"https:\/\/cortecros.com\/hr\/wp-json\/wp\/v2\/product"}],"about":[{"href":"https:\/\/cortecros.com\/hr\/wp-json\/wp\/v2\/types\/product"}],"wp:attachment":[{"href":"https:\/\/cortecros.com\/hr\/wp-json\/wp\/v2\/media?parent=3445"}],"wp:term":[{"taxonomy":"product_brand","embeddable":true,"href":"https:\/\/cortecros.com\/hr\/wp-json\/wp\/v2\/product_brand?post=3445"},{"taxonomy":"product_cat","embeddable":true,"href":"https:\/\/cortecros.com\/hr\/wp-json\/wp\/v2\/product_cat?post=3445"},{"taxonomy":"product_tag","embeddable":true,"href":"https:\/\/cortecros.com\/hr\/wp-json\/wp\/v2\/product_tag?post=3445"}],"curies":[{"name":"wp","href":"https:\/\/api.w.org\/{rel}","templated":true}]}}