{"id":3446,"date":"2017-05-22T14:01:34","date_gmt":"2017-05-22T14:01:34","guid":{"rendered":"http:\/\/cortecros.com\/product\/cor-pak-vpci-cocooning-stretch-film\/"},"modified":"2017-05-22T14:01:34","modified_gmt":"2017-05-22T14:01:34","slug":"cor-pak-vpci-cocooning-stretch-film","status":"publish","type":"product","link":"https:\/\/cortecros.com\/hr\/product\/cor-pak-vpci-cocooning-stretch-film\/","title":{"rendered":"Cor-Pak\u00ae VpCI\u00ae Cocooning Stretch Film"},"content":{"rendered":"<p>Vi\u0161eslojni film. Velike \u010dvrsto\u0107e s za\u0161titom od korozije. Posebno je pogodan za zaobljene<br \/>\nproizvode s posebnom \u010dvrsto\u0107om na lom kod savijanja. Razvijen je da ne iziskuje visoke<br \/>\ntro\u0161kove proizvodnje. Pogodan za omatanje metalnih spirala.<br \/>\n<b>Pakiranje:\u00a0<\/b>role standardnih veli\u010dina i prema narud\u017ebi kupca.<\/p>\n","protected":false},"excerpt":{"rendered":"<p>Vi\u0161eslojni film. Velike \u010dvrsto\u0107e s za\u0161titom od korozije. Posebno je pogodan za zaobljene proizvode s posebnom \u010dvrsto\u0107om na lom kod savijanja. Razvijen je da ne iziskuje visoke tro\u0161kove proizvodnje. Pogodan za omatanje metalnih spirala. Pakiranje:\u00a0role standardnih veli\u010dina i prema narud\u017ebi kupca. <a class=\"continue-reading-link\" href=\"https:\/\/cortecros.com\/hr\/product\/cor-pak-vpci-cocooning-stretch-film\/\">nastavi \u010ditati<\/a><\/p>\n","protected":false},"featured_media":0,"template":"","meta":{"ngg_post_thumbnail":0,"_links_to":"","_links_to_target":""},"product_brand":[],"product_cat":[38],"product_tag":[],"class_list":{"0":"post-3446","1":"product","2":"type-product","3":"status-publish","5":"product_cat-vpci-proizvodi-za-pakiranje-i-konzervaciju","7":"first","8":"instock","9":"shipping-taxable","10":"product-type-simple"},"_links":{"self":[{"href":"https:\/\/cortecros.com\/hr\/wp-json\/wp\/v2\/product\/3446","targetHints":{"allow":["GET"]}}],"collection":[{"href":"https:\/\/cortecros.com\/hr\/wp-json\/wp\/v2\/product"}],"about":[{"href":"https:\/\/cortecros.com\/hr\/wp-json\/wp\/v2\/types\/product"}],"wp:attachment":[{"href":"https:\/\/cortecros.com\/hr\/wp-json\/wp\/v2\/media?parent=3446"}],"wp:term":[{"taxonomy":"product_brand","embeddable":true,"href":"https:\/\/cortecros.com\/hr\/wp-json\/wp\/v2\/product_brand?post=3446"},{"taxonomy":"product_cat","embeddable":true,"href":"https:\/\/cortecros.com\/hr\/wp-json\/wp\/v2\/product_cat?post=3446"},{"taxonomy":"product_tag","embeddable":true,"href":"https:\/\/cortecros.com\/hr\/wp-json\/wp\/v2\/product_tag?post=3446"}],"curies":[{"name":"wp","href":"https:\/\/api.w.org\/{rel}","templated":true}]}}