{"id":3453,"date":"2017-05-22T14:14:59","date_gmt":"2017-05-22T14:14:59","guid":{"rendered":"http:\/\/cortecros.com\/product\/cor-pak-vpci-stretch-film\/"},"modified":"2026-03-05T08:40:33","modified_gmt":"2026-03-05T08:40:33","slug":"cor-pak-vpci-stretch-film","status":"publish","type":"product","link":"https:\/\/cortecros.com\/hr\/product\/cor-pak-vpci-stretch-film\/","title":{"rendered":"Cor-Pak\u00ae VpCI\u00ae Stretch Film"},"content":{"rendered":"<p>Cor-Pak VpCI rastezljivi film dizajniran je za strojno omatanje metalnih pakiranja. Njegova<br \/>\npatentirana tehnologija osigurava multimetalnu za\u0161titu od korozije svih metalnih povr\u0161ina<br \/>\npakiranja tijekom upotrebe hlapivim inhibitorima korozije (VpCI). Ovaj rastezljivi film<br \/>\nsiguran je za okolinu, FDA odobren, mo\u017ee se potpuno reciklirati i njegova kvaliteta se<br \/>\nnadzire Cortec ISO 9001 i 14001 certifikatima.<br \/>\nCor-Pak VpCI rastezljivi film je kompatibilan sa opremom za ru\u010dno i strojno omatanje.<br \/>\nCor-Pak VpCI rastezljivi film je dostupan u \u0161irini od 50 cm i 76 cm te slijede\u0107im debljinama i du\u017einama:<br \/>\n25 mikro m x 1372 m, 38 mikro m x 914 m, 50 mikro m x 686 m<\/p>\n<p>Tehni\u010dki list proizvoda (TLP)<\/p>\n<p><a href=\"https:\/\/cortecros.com\/wp-content\/uploads\/2017\/08\/Cor-Pak-VpCI-Stretch-Film-Machine-Grade.pdf\">Cor-Pak VpCI Stretch Film-Machine Grade<\/a><\/p>\n<p><a href=\"https:\/\/cortecros.com\/wp-content\/uploads\/2017\/08\/Cor-Pak-VpCI-Stretch-Film-Hand-Wrap.pdf\">Cor-Pak VpCI Stretch Film-Hand Wrap<\/a><\/p>\n","protected":false},"excerpt":{"rendered":"<p>Cor-Pak VpCI rastezljivi film dizajniran je za strojno omatanje metalnih pakiranja. Njegova patentirana tehnologija osigurava multimetalnu za\u0161titu od korozije svih metalnih povr\u0161ina pakiranja tijekom upotrebe hlapivim inhibitorima korozije (VpCI). Ovaj rastezljivi film siguran je za okolinu, FDA odobren, mo\u017ee se potpuno reciklirati i njegova kvaliteta se nadzire Cortec ISO 9001\u2026 <a class=\"continue-reading-link\" href=\"https:\/\/cortecros.com\/hr\/product\/cor-pak-vpci-stretch-film\/\">nastavi \u010ditati<\/a><\/p>\n","protected":false},"featured_media":0,"template":"","meta":{"ngg_post_thumbnail":0,"_links_to":"","_links_to_target":""},"product_brand":[],"product_cat":[38],"product_tag":[],"class_list":{"0":"post-3453","1":"product","2":"type-product","3":"status-publish","5":"product_cat-vpci-proizvodi-za-pakiranje-i-konzervaciju","7":"first","8":"instock","9":"shipping-taxable","10":"product-type-simple"},"_links":{"self":[{"href":"https:\/\/cortecros.com\/hr\/wp-json\/wp\/v2\/product\/3453","targetHints":{"allow":["GET"]}}],"collection":[{"href":"https:\/\/cortecros.com\/hr\/wp-json\/wp\/v2\/product"}],"about":[{"href":"https:\/\/cortecros.com\/hr\/wp-json\/wp\/v2\/types\/product"}],"wp:attachment":[{"href":"https:\/\/cortecros.com\/hr\/wp-json\/wp\/v2\/media?parent=3453"}],"wp:term":[{"taxonomy":"product_brand","embeddable":true,"href":"https:\/\/cortecros.com\/hr\/wp-json\/wp\/v2\/product_brand?post=3453"},{"taxonomy":"product_cat","embeddable":true,"href":"https:\/\/cortecros.com\/hr\/wp-json\/wp\/v2\/product_cat?post=3453"},{"taxonomy":"product_tag","embeddable":true,"href":"https:\/\/cortecros.com\/hr\/wp-json\/wp\/v2\/product_tag?post=3453"}],"curies":[{"name":"wp","href":"https:\/\/api.w.org\/{rel}","templated":true}]}}