{"id":3456,"date":"2017-05-22T13:53:16","date_gmt":"2017-05-22T13:53:16","guid":{"rendered":"http:\/\/cortecros.com\/product\/cor-pak-tablets\/"},"modified":"2017-05-22T13:53:16","modified_gmt":"2017-05-22T13:53:16","slug":"cor-pak-tablets","status":"publish","type":"product","link":"https:\/\/cortecros.com\/hr\/product\/cor-pak-tablets\/","title":{"rendered":"Cor-Pak\u00ae Tablets"},"content":{"rendered":"<p>Svenamjenski VpCI za vi\u0161emetalnu primjenu. Ume\u0107e se u pakete. Bez nitrita, ne zaga\u0111uje, za obojene i crne metale.<br \/>\n<strong>Pakiranje:<\/strong> 1000 tableta u boci, 4 boce u kutiji.<\/p>\n<p>Tehni\u010dki list proizvoda (TLP)<\/p>\n<p><a href=\"https:\/\/cortecros.com\/wp-content\/uploads\/2017\/08\/Cor-Pak-Tablets.pdf\">Cor-Pak Tablets<\/a><\/p>\n","protected":false},"excerpt":{"rendered":"<p>Svenamjenski VpCI za vi\u0161emetalnu primjenu. Ume\u0107e se u pakete. Bez nitrita, ne zaga\u0111uje, za obojene i crne metale. Pakiranje: 1000 tableta u boci, 4 boce u kutiji. Tehni\u010dki list proizvoda (TLP) Cor-Pak Tablets <a class=\"continue-reading-link\" href=\"https:\/\/cortecros.com\/hr\/product\/cor-pak-tablets\/\">nastavi \u010ditati<\/a><\/p>\n","protected":false},"featured_media":0,"template":"","meta":{"ngg_post_thumbnail":0,"_links_to":"","_links_to_target":""},"product_brand":[],"product_cat":[38],"product_tag":[],"class_list":{"0":"post-3456","1":"product","2":"type-product","3":"status-publish","5":"product_cat-vpci-proizvodi-za-pakiranje-i-konzervaciju","7":"first","8":"instock","9":"shipping-taxable","10":"product-type-simple"},"_links":{"self":[{"href":"https:\/\/cortecros.com\/hr\/wp-json\/wp\/v2\/product\/3456","targetHints":{"allow":["GET"]}}],"collection":[{"href":"https:\/\/cortecros.com\/hr\/wp-json\/wp\/v2\/product"}],"about":[{"href":"https:\/\/cortecros.com\/hr\/wp-json\/wp\/v2\/types\/product"}],"wp:attachment":[{"href":"https:\/\/cortecros.com\/hr\/wp-json\/wp\/v2\/media?parent=3456"}],"wp:term":[{"taxonomy":"product_brand","embeddable":true,"href":"https:\/\/cortecros.com\/hr\/wp-json\/wp\/v2\/product_brand?post=3456"},{"taxonomy":"product_cat","embeddable":true,"href":"https:\/\/cortecros.com\/hr\/wp-json\/wp\/v2\/product_cat?post=3456"},{"taxonomy":"product_tag","embeddable":true,"href":"https:\/\/cortecros.com\/hr\/wp-json\/wp\/v2\/product_tag?post=3456"}],"curies":[{"name":"wp","href":"https:\/\/api.w.org\/{rel}","templated":true}]}}