{"id":34565,"date":"2020-04-07T09:55:03","date_gmt":"2020-04-07T09:55:03","guid":{"rendered":"https:\/\/cortecros.com\/product\/corrologic-fogging-fluid-vpci-339\/"},"modified":"2023-07-06T10:38:22","modified_gmt":"2023-07-06T10:38:22","slug":"corrologic-fogging-fluid-vpci-339","status":"publish","type":"product","link":"https:\/\/cortecros.com\/hr\/product\/corrologic-fogging-fluid-vpci-339\/","title":{"rendered":"CorroLogic\u00ae VpCI\u00ae-339 teku\u0107ina za zamagljivanje"},"content":{"rendered":"<p><strong>OPIS<\/strong><\/p>\n<p><strong>&nbsp;<\/strong>CorroLogic\u00ae VpCI\u00ae- 339 teku\u0107ina za zamagljivanje je hlapivi inhibitor korozije, spreman za kori\u0161tenje, a djeluje u potpunosti u parnoj fazi, te omogu\u0107uje za\u0161titu praznina kompleksnih geometrija. Pru\u017ea multimetalnu za\u0161titu. Hlapivi inhibitori ve\u017eu se na povr\u0161inu metala, \u010dak i na te\u0161ko dostupnim mjestima. Kada je ispravno primijenjen, ovaj proizvod ne ostavlja sloj koji je potrebno ukloniti nakon zavr\u0161etka perioda za\u0161tite i omogu\u0107ava da se za\u0161ti\u0107ena oprema odmah koristi, bez potrebe za uklanjanjem sloja inhibitora.<\/p>\n<p><strong>PAKIRANJE I SKLADI\u0160TENJE<\/strong><\/p>\n<p><strong>&nbsp;<\/strong>CorroLogic\u00ae VpCI\u00ae-339 dostupan je u kantama od 19 l, ba\u010dvama od 208 l, IBC kontejnerima i rinfuzno.<\/p>\n<p>Kako bi se osigurala najbolja kvaliteta proizvoda, skladi\u0161titi u originalnom pakiranju, u zatvorenom i van direktnog Sun\u010devog svijetla pri 4-38 \u00b0C.<\/p>\n<p>Rok trajanja: 2 godine<\/p>\n<p><a href=\"https:\/\/cortecros.com\/wp-content\/uploads\/2023\/07\/CorroLogic-Fogging-Fluid-VpCI_339.pdf\">TEHNI\u010cKI LIST<\/a><\/p>\n","protected":false},"excerpt":{"rendered":"<p>OPIS &nbsp;CorroLogic\u00ae VpCI\u00ae- 339 teku\u0107ina za zamagljivanje je hlapivi inhibitor korozije, spreman za kori\u0161tenje, a djeluje u potpunosti u parnoj fazi, te omogu\u0107uje za\u0161titu praznina kompleksnih geometrija. Pru\u017ea multimetalnu za\u0161titu. Hlapivi inhibitori ve\u017eu se na povr\u0161inu metala, \u010dak i na te\u0161ko dostupnim mjestima. Kada je ispravno primijenjen, ovaj proizvod ne\u2026 <a class=\"continue-reading-link\" href=\"https:\/\/cortecros.com\/hr\/product\/corrologic-fogging-fluid-vpci-339\/\">nastavi \u010ditati<\/a><\/p>\n","protected":false},"featured_media":29334,"template":"","meta":{"ngg_post_thumbnail":0,"_links_to":"","_links_to_target":""},"product_brand":[],"product_cat":[34],"product_tag":[],"class_list":{"0":"post-34565","1":"product","2":"type-product","3":"status-publish","4":"has-post-thumbnail","6":"product_cat-aditivi-za-ulja-obradu-voda-i-inhibitori-korozije-za-naftnu-industriju","8":"first","9":"instock","10":"shipping-taxable","11":"product-type-simple"},"_links":{"self":[{"href":"https:\/\/cortecros.com\/hr\/wp-json\/wp\/v2\/product\/34565","targetHints":{"allow":["GET"]}}],"collection":[{"href":"https:\/\/cortecros.com\/hr\/wp-json\/wp\/v2\/product"}],"about":[{"href":"https:\/\/cortecros.com\/hr\/wp-json\/wp\/v2\/types\/product"}],"wp:featuredmedia":[{"embeddable":true,"href":"https:\/\/cortecros.com\/hr\/wp-json\/wp\/v2\/media\/29334"}],"wp:attachment":[{"href":"https:\/\/cortecros.com\/hr\/wp-json\/wp\/v2\/media?parent=34565"}],"wp:term":[{"taxonomy":"product_brand","embeddable":true,"href":"https:\/\/cortecros.com\/hr\/wp-json\/wp\/v2\/product_brand?post=34565"},{"taxonomy":"product_cat","embeddable":true,"href":"https:\/\/cortecros.com\/hr\/wp-json\/wp\/v2\/product_cat?post=34565"},{"taxonomy":"product_tag","embeddable":true,"href":"https:\/\/cortecros.com\/hr\/wp-json\/wp\/v2\/product_tag?post=34565"}],"curies":[{"name":"wp","href":"https:\/\/api.w.org\/{rel}","templated":true}]}}