{"id":3471,"date":"2017-05-17T15:17:29","date_gmt":"2017-05-17T15:17:29","guid":{"rendered":"http:\/\/cortecros.com\/product\/ecocorr-biorazgradivi-film-s-vpci\/"},"modified":"2017-05-17T15:17:29","modified_gmt":"2017-05-17T15:17:29","slug":"ecocorr-biorazgradivi-film-s-vpci","status":"publish","type":"product","link":"https:\/\/cortecros.com\/hr\/product\/ecocorr-biorazgradivi-film-s-vpci\/","title":{"rendered":"EcoCorr\u2122 Biorazgradivi film s VpCI"},"content":{"rendered":"<p>Eco-Corr ima certifikat DIN V 54 900 i BPS prema kojem je 100% biorazgradiva folija i pogodna za stvaranje komposta. Eco-Corr posjeduje Cortecovu patentiranu VpCI tehnologiju za za\u0161tiu od korozije kod pakovanja metalnih dijelova.<\/p>\n<p><strong>Pakiranje:<\/strong> Standardni i prema narud\u017ebi<\/p>\n<p>Tehni\u010dki list proizvoda (TLP)<\/p>\n<p><a href=\"https:\/\/cortecros.com\/wp-content\/uploads\/2017\/08\/ECO-Corr-biorazgradivi-VpCI-film.pdf\">ECO Corr biorazgradivi VpCI film<\/a><\/p>\n","protected":false},"excerpt":{"rendered":"<p>Eco-Corr ima certifikat DIN V 54 900 i BPS prema kojem je 100% biorazgradiva folija i pogodna za stvaranje komposta. Eco-Corr posjeduje Cortecovu patentiranu VpCI tehnologiju za za\u0161tiu od korozije kod pakovanja metalnih dijelova. Pakiranje: Standardni i prema narud\u017ebi Tehni\u010dki list proizvoda (TLP) ECO Corr biorazgradivi VpCI film <a class=\"continue-reading-link\" href=\"https:\/\/cortecros.com\/hr\/product\/ecocorr-biorazgradivi-film-s-vpci\/\">nastavi \u010ditati<\/a><\/p>\n","protected":false},"featured_media":0,"template":"","meta":{"ngg_post_thumbnail":0,"_links_to":"","_links_to_target":""},"product_brand":[],"product_cat":[35,43],"product_tag":[],"class_list":{"0":"post-3471","1":"product","2":"type-product","3":"status-publish","5":"product_cat-vpci-proizvodi-za-obradu-metala","6":"product_cat-eco-line-proizvodi-sprejevi","8":"first","9":"instock","10":"shipping-taxable","11":"product-type-simple"},"_links":{"self":[{"href":"https:\/\/cortecros.com\/hr\/wp-json\/wp\/v2\/product\/3471","targetHints":{"allow":["GET"]}}],"collection":[{"href":"https:\/\/cortecros.com\/hr\/wp-json\/wp\/v2\/product"}],"about":[{"href":"https:\/\/cortecros.com\/hr\/wp-json\/wp\/v2\/types\/product"}],"wp:attachment":[{"href":"https:\/\/cortecros.com\/hr\/wp-json\/wp\/v2\/media?parent=3471"}],"wp:term":[{"taxonomy":"product_brand","embeddable":true,"href":"https:\/\/cortecros.com\/hr\/wp-json\/wp\/v2\/product_brand?post=3471"},{"taxonomy":"product_cat","embeddable":true,"href":"https:\/\/cortecros.com\/hr\/wp-json\/wp\/v2\/product_cat?post=3471"},{"taxonomy":"product_tag","embeddable":true,"href":"https:\/\/cortecros.com\/hr\/wp-json\/wp\/v2\/product_tag?post=3471"}],"curies":[{"name":"wp","href":"https:\/\/api.w.org\/{rel}","templated":true}]}}