{"id":3474,"date":"2017-05-22T16:11:52","date_gmt":"2017-05-22T16:11:52","guid":{"rendered":"http:\/\/cortecros.com\/product\/ecofilm-biorazgradivi-film\/"},"modified":"2026-03-05T08:39:44","modified_gmt":"2026-03-05T08:39:44","slug":"ecofilm-biorazgradivi-film","status":"publish","type":"product","link":"https:\/\/cortecros.com\/hr\/product\/ecofilm-biorazgradivi-film\/","title":{"rendered":"EcoFilm\u00ae Biorazgradivi film"},"content":{"rendered":"<p>Eco Film je folija s certifikatom DIN V 54 900 i BPC; 100% biorazgradiva i kompostiraju\u0107a folija, namjenjena za zamijenu folija na bazi \u0161kroba i polietilena koje nisu biorazgradive. Za razliku od standardne tehnologije na bazi \u0161kroba, Eco Film otporan je na vodu i toplinu, ne raspada se i ne lomi tijekom uporabe. Nema \u0161tetnog utjecaja na ljudsko zdravlje ili na \u017eivot biljaka, \u0161to je potvr\u0111eno certifikatom RAL G2 251, DIN V 54 900, DIN 382412 Part 30 i Daphnia testom.<\/p>\n<p><strong>Pakiranje:<\/strong> Standardno role i prema narud\u017ebi<\/p>\n<p>Tehni\u010dki list proizvoda (TLP)<\/p>\n<p><a href=\"https:\/\/cortecros.com\/wp-content\/uploads\/2017\/08\/EcoFilm-biorazgradivi-film.pdf\">EcoFilm-biorazgradivi-film<\/a><\/p>\n","protected":false},"excerpt":{"rendered":"<p>Eco Film je folija s certifikatom DIN V 54 900 i BPC; 100% biorazgradiva i kompostiraju\u0107a folija, namjenjena za zamijenu folija na bazi \u0161kroba i polietilena koje nisu biorazgradive. Za razliku od standardne tehnologije na bazi \u0161kroba, Eco Film otporan je na vodu i toplinu, ne raspada se i ne\u2026 <a class=\"continue-reading-link\" href=\"https:\/\/cortecros.com\/hr\/product\/ecofilm-biorazgradivi-film\/\">nastavi \u010ditati<\/a><\/p>\n","protected":false},"featured_media":0,"template":"","meta":{"ngg_post_thumbnail":0,"_links_to":"","_links_to_target":""},"product_brand":[],"product_cat":[38,43],"product_tag":[],"class_list":{"0":"post-3474","1":"product","2":"type-product","3":"status-publish","5":"product_cat-vpci-proizvodi-za-pakiranje-i-konzervaciju","6":"product_cat-eco-line-proizvodi-sprejevi","8":"first","9":"instock","10":"shipping-taxable","11":"product-type-simple"},"_links":{"self":[{"href":"https:\/\/cortecros.com\/hr\/wp-json\/wp\/v2\/product\/3474","targetHints":{"allow":["GET"]}}],"collection":[{"href":"https:\/\/cortecros.com\/hr\/wp-json\/wp\/v2\/product"}],"about":[{"href":"https:\/\/cortecros.com\/hr\/wp-json\/wp\/v2\/types\/product"}],"wp:attachment":[{"href":"https:\/\/cortecros.com\/hr\/wp-json\/wp\/v2\/media?parent=3474"}],"wp:term":[{"taxonomy":"product_brand","embeddable":true,"href":"https:\/\/cortecros.com\/hr\/wp-json\/wp\/v2\/product_brand?post=3474"},{"taxonomy":"product_cat","embeddable":true,"href":"https:\/\/cortecros.com\/hr\/wp-json\/wp\/v2\/product_cat?post=3474"},{"taxonomy":"product_tag","embeddable":true,"href":"https:\/\/cortecros.com\/hr\/wp-json\/wp\/v2\/product_tag?post=3474"}],"curies":[{"name":"wp","href":"https:\/\/api.w.org\/{rel}","templated":true}]}}