{"id":3480,"date":"2017-05-22T16:54:20","date_gmt":"2017-05-22T16:54:20","guid":{"rendered":"http:\/\/cortecros.com\/product\/ecoweave-vpci-tkani-polietilen\/"},"modified":"2026-03-05T08:40:48","modified_gmt":"2026-03-05T08:40:48","slug":"ecoweave-vpci-tkani-polietilen","status":"publish","type":"product","link":"https:\/\/cortecros.com\/hr\/product\/ecoweave-vpci-tkani-polietilen\/","title":{"rendered":"EcoWeave\u00ae VpCI tkani Polietilen"},"content":{"rendered":"<p>EcoWeave tkana polietilenska folija koja pru\u017ea posebnu \u010dvrsto\u010du, trajnost, multimetalnu za\u0161titu, vi\u0161ekratnu upotrebu i mogu\u010dnost recikla\u017ee.<br \/>\nNovo rje\u0161enje \u010dvrstog pakiranja za za\u0161titu od korozije. Slu\u017ei za za\u0161titu sirovinskih materijala do zavr\u0161enih gotovih proizvoda. EcoWeave tkani osigurava za\u0161titu od korozije tijekom transporta i skladi\u0161tenja. U skladu s MIL-PRF-121G.<\/p>\n<p><strong>Pakiranje<\/strong>: prema narud\u017ebi korisnika<\/p>\n<p>Tehni\u010dki list proizvoda (TLP)<\/p>\n<p><a href=\"https:\/\/cortecros.com\/wp-content\/uploads\/2017\/08\/VpCI-EcoWeave.pdf\">VpCI EcoWeave<\/a><\/p>\n<p>&nbsp;<\/p>\n<p>&nbsp;<\/p>\n","protected":false},"excerpt":{"rendered":"<p>EcoWeave tkana polietilenska folija koja pru\u017ea posebnu \u010dvrsto\u010du, trajnost, multimetalnu za\u0161titu, vi\u0161ekratnu upotrebu i mogu\u010dnost recikla\u017ee. Novo rje\u0161enje \u010dvrstog pakiranja za za\u0161titu od korozije. Slu\u017ei za za\u0161titu sirovinskih materijala do zavr\u0161enih gotovih proizvoda. EcoWeave tkani osigurava za\u0161titu od korozije tijekom transporta i skladi\u0161tenja. U skladu s MIL-PRF-121G. Pakiranje: prema narud\u017ebi\u2026 <a class=\"continue-reading-link\" href=\"https:\/\/cortecros.com\/hr\/product\/ecoweave-vpci-tkani-polietilen\/\">nastavi \u010ditati<\/a><\/p>\n","protected":false},"featured_media":0,"template":"","meta":{"ngg_post_thumbnail":0,"_links_to":"","_links_to_target":""},"product_brand":[],"product_cat":[38],"product_tag":[],"class_list":{"0":"post-3480","1":"product","2":"type-product","3":"status-publish","5":"product_cat-vpci-proizvodi-za-pakiranje-i-konzervaciju","7":"first","8":"instock","9":"shipping-taxable","10":"product-type-simple"},"_links":{"self":[{"href":"https:\/\/cortecros.com\/hr\/wp-json\/wp\/v2\/product\/3480","targetHints":{"allow":["GET"]}}],"collection":[{"href":"https:\/\/cortecros.com\/hr\/wp-json\/wp\/v2\/product"}],"about":[{"href":"https:\/\/cortecros.com\/hr\/wp-json\/wp\/v2\/types\/product"}],"wp:attachment":[{"href":"https:\/\/cortecros.com\/hr\/wp-json\/wp\/v2\/media?parent=3480"}],"wp:term":[{"taxonomy":"product_brand","embeddable":true,"href":"https:\/\/cortecros.com\/hr\/wp-json\/wp\/v2\/product_brand?post=3480"},{"taxonomy":"product_cat","embeddable":true,"href":"https:\/\/cortecros.com\/hr\/wp-json\/wp\/v2\/product_cat?post=3480"},{"taxonomy":"product_tag","embeddable":true,"href":"https:\/\/cortecros.com\/hr\/wp-json\/wp\/v2\/product_tag?post=3480"}],"curies":[{"name":"wp","href":"https:\/\/api.w.org\/{rel}","templated":true}]}}