{"id":3494,"date":"2017-05-22T17:43:05","date_gmt":"2017-05-22T17:43:05","guid":{"rendered":"http:\/\/cortecros.com\/product\/vpci-126-shrink\/"},"modified":"2026-03-05T08:38:51","modified_gmt":"2026-03-05T08:38:51","slug":"vpci-126-shrink","status":"publish","type":"product","link":"https:\/\/cortecros.com\/hr\/product\/vpci-126-shrink\/","title":{"rendered":"VpCI\u00ae-126 Shrink"},"content":{"rendered":"<p>VpCI-126 termo skupljaju\u0107a folija pru\u017ea za\u0161titu od atmosferilija za sve vrste proizvoda. Cortec VpCI termo skupljaju\u0107a folija \u0107e tako\u0111er \u0161tititi od mrlja, gubitka boje i oksidacije do 2 godine (ovisno o konstrukciji debljine folije i primjeni). Jednostavna je kao \u0161to je i jednostavno stavljanje proizvoda u Cortec VpCI-termo skupljaju\u0107u foliju. VpCI-126 je prozirna folija, \u0161to olak\u0161ava identificiranje dijelova koji su njome zamotani.<br \/>\nVeli\u010dine: Cortec VpCI-126 termo skupljaju\u0107a folija je dostupna u granicama debljine od 50-250 mikrona i \u0161irine<br \/>\n7.6 cm &#8211; 12 m.<\/p>\n<p>Tehni\u010dki list proizvoda (TLP)<\/p>\n<p><a href=\"https:\/\/cortecros.com\/wp-content\/uploads\/2017\/08\/VpCI-126-Shrink.pdf\">VpCI-126 Shrink<\/a><\/p>\n","protected":false},"excerpt":{"rendered":"<p>VpCI-126 termo skupljaju\u0107a folija pru\u017ea za\u0161titu od atmosferilija za sve vrste proizvoda. Cortec VpCI termo skupljaju\u0107a folija \u0107e tako\u0111er \u0161tititi od mrlja, gubitka boje i oksidacije do 2 godine (ovisno o konstrukciji debljine folije i primjeni). Jednostavna je kao \u0161to je i jednostavno stavljanje proizvoda u Cortec VpCI-termo skupljaju\u0107u foliju.\u2026 <a class=\"continue-reading-link\" href=\"https:\/\/cortecros.com\/hr\/product\/vpci-126-shrink\/\">nastavi \u010ditati<\/a><\/p>\n","protected":false},"featured_media":0,"template":"","meta":{"ngg_post_thumbnail":0,"_links_to":"","_links_to_target":""},"product_brand":[],"product_cat":[38],"product_tag":[],"class_list":{"0":"post-3494","1":"product","2":"type-product","3":"status-publish","5":"product_cat-vpci-proizvodi-za-pakiranje-i-konzervaciju","7":"first","8":"instock","9":"shipping-taxable","10":"product-type-simple"},"_links":{"self":[{"href":"https:\/\/cortecros.com\/hr\/wp-json\/wp\/v2\/product\/3494","targetHints":{"allow":["GET"]}}],"collection":[{"href":"https:\/\/cortecros.com\/hr\/wp-json\/wp\/v2\/product"}],"about":[{"href":"https:\/\/cortecros.com\/hr\/wp-json\/wp\/v2\/types\/product"}],"wp:attachment":[{"href":"https:\/\/cortecros.com\/hr\/wp-json\/wp\/v2\/media?parent=3494"}],"wp:term":[{"taxonomy":"product_brand","embeddable":true,"href":"https:\/\/cortecros.com\/hr\/wp-json\/wp\/v2\/product_brand?post=3494"},{"taxonomy":"product_cat","embeddable":true,"href":"https:\/\/cortecros.com\/hr\/wp-json\/wp\/v2\/product_cat?post=3494"},{"taxonomy":"product_tag","embeddable":true,"href":"https:\/\/cortecros.com\/hr\/wp-json\/wp\/v2\/product_tag?post=3494"}],"curies":[{"name":"wp","href":"https:\/\/api.w.org\/{rel}","templated":true}]}}