{"id":3497,"date":"2017-05-22T18:00:52","date_gmt":"2017-05-22T18:00:52","guid":{"rendered":"http:\/\/cortecros.com\/product\/vpci-137-antstaticka-spuzva-za-zastitu-od-korozije\/"},"modified":"2026-03-05T08:38:43","modified_gmt":"2026-03-05T08:38:43","slug":"vpci-137-antstaticka-spuzva-za-zastitu-od-korozije","status":"publish","type":"product","link":"https:\/\/cortecros.com\/hr\/product\/vpci-137-antstaticka-spuzva-za-zastitu-od-korozije\/","title":{"rendered":"VpCI\u00ae-137 Antstati\u010dka spu\u017eva za za\u0161titu od korozije"},"content":{"rendered":"<p>Fleksibilni materijal za pakiranje koji kombinira VpCI za\u0161titu, ubla\u017euje udarce, apsorbira vlagu te ima odli\u010dna antistati\u010dka svojstva. Uporabom ovog proizvoda eliminirate skupe proizvode za prevenciju korozije. Kori\u0161tenjem ovog proizvoda posti\u017eete znatnu u\u0161tedu u radu. Metalni dijelovi pakirani s Cortec-ovim VpCI spu\u017evama imaju kontinuiranu za\u0161titu od vlage, soli iz zraka, kondenzacije, agresivne industrijske atmosfere, vi\u0161estruku antikorozivnu za\u0161titu. Cortec-ova VpCI-137 spu\u017eva u skladu je sa vojnim standardom MIL-PRF-81705D i NSN 6850-01-426-3539.<\/p>\n<p><strong>Pakiranje:<\/strong> Standardna veli\u010dina je 39,6m x 1,35m x 0,64 cm. Druge veli\u010dine i debljine izra\u0111uju se po narud\u017ebi.<br \/>\nZa\u0161tita: 2 m3\/m2.<\/p>\n<p>Tehni\u010dki list proizvoda (TLP)<\/p>\n<p><a href=\"https:\/\/cortecros.com\/wp-content\/uploads\/2017\/08\/VpCI-137.pdf\">VpCI-137<\/a><\/p>\n","protected":false},"excerpt":{"rendered":"<p>Fleksibilni materijal za pakiranje koji kombinira VpCI za\u0161titu, ubla\u017euje udarce, apsorbira vlagu te ima odli\u010dna antistati\u010dka svojstva. Uporabom ovog proizvoda eliminirate skupe proizvode za prevenciju korozije. Kori\u0161tenjem ovog proizvoda posti\u017eete znatnu u\u0161tedu u radu. Metalni dijelovi pakirani s Cortec-ovim VpCI spu\u017evama imaju kontinuiranu za\u0161titu od vlage, soli iz zraka, kondenzacije,\u2026 <a class=\"continue-reading-link\" href=\"https:\/\/cortecros.com\/hr\/product\/vpci-137-antstaticka-spuzva-za-zastitu-od-korozije\/\">nastavi \u010ditati<\/a><\/p>\n","protected":false},"featured_media":0,"template":"","meta":{"ngg_post_thumbnail":0,"_links_to":"","_links_to_target":""},"product_brand":[],"product_cat":[38],"product_tag":[],"class_list":{"0":"post-3497","1":"product","2":"type-product","3":"status-publish","5":"product_cat-vpci-proizvodi-za-pakiranje-i-konzervaciju","7":"first","8":"instock","9":"shipping-taxable","10":"product-type-simple"},"_links":{"self":[{"href":"https:\/\/cortecros.com\/hr\/wp-json\/wp\/v2\/product\/3497","targetHints":{"allow":["GET"]}}],"collection":[{"href":"https:\/\/cortecros.com\/hr\/wp-json\/wp\/v2\/product"}],"about":[{"href":"https:\/\/cortecros.com\/hr\/wp-json\/wp\/v2\/types\/product"}],"wp:attachment":[{"href":"https:\/\/cortecros.com\/hr\/wp-json\/wp\/v2\/media?parent=3497"}],"wp:term":[{"taxonomy":"product_brand","embeddable":true,"href":"https:\/\/cortecros.com\/hr\/wp-json\/wp\/v2\/product_brand?post=3497"},{"taxonomy":"product_cat","embeddable":true,"href":"https:\/\/cortecros.com\/hr\/wp-json\/wp\/v2\/product_cat?post=3497"},{"taxonomy":"product_tag","embeddable":true,"href":"https:\/\/cortecros.com\/hr\/wp-json\/wp\/v2\/product_tag?post=3497"}],"curies":[{"name":"wp","href":"https:\/\/api.w.org\/{rel}","templated":true}]}}