{"id":3500,"date":"2017-05-22T18:06:57","date_gmt":"2017-05-22T18:06:57","guid":{"rendered":"http:\/\/cortecros.com\/product\/vpci-144-eko-papir-s-inhibitorom-korozije\/"},"modified":"2026-03-05T08:38:37","modified_gmt":"2026-03-05T08:38:37","slug":"vpci-144-eko-papir-s-inhibitorom-korozije","status":"publish","type":"product","link":"https:\/\/cortecros.com\/hr\/product\/vpci-144-eko-papir-s-inhibitorom-korozije\/","title":{"rendered":"VpCI\u00ae>-144 EKO papir s inhibitorom korozije"},"content":{"rendered":"<p>NOVO jedinstveno dvostruko djelovanje: za\u0161tita od vlage i VpCI za\u0161tita.<br \/>\nVpCI papir s posebnim ekolo\u0161kim premazom za za\u0161titu od prodiranja vlage. Zamjena je za polietilen, mo\u017ee se reciklirati, repulpirati, nije otrovan i biolo\u0161ki je razgradiv.<br \/>\n<b>Pakiranje:<\/b>&nbsp;standardno i po narud\u017ebi u rolama i plahtama.<\/p>\n<p>Tehni\u010dki list proizvoda (TLP)<\/p>\n<p><a href=\"https:\/\/cortecros.com\/wp-content\/uploads\/2017\/08\/VpCI-144.pdf\">VpCI-144<\/a><\/p>\n","protected":false},"excerpt":{"rendered":"<p>NOVO jedinstveno dvostruko djelovanje: za\u0161tita od vlage i VpCI za\u0161tita. VpCI papir s posebnim ekolo\u0161kim premazom za za\u0161titu od prodiranja vlage. Zamjena je za polietilen, mo\u017ee se reciklirati, repulpirati, nije otrovan i biolo\u0161ki je razgradiv. Pakiranje:&nbsp;standardno i po narud\u017ebi u rolama i plahtama. Tehni\u010dki list proizvoda (TLP) VpCI-144 <a class=\"continue-reading-link\" href=\"https:\/\/cortecros.com\/hr\/product\/vpci-144-eko-papir-s-inhibitorom-korozije\/\">nastavi \u010ditati<\/a><\/p>\n","protected":false},"featured_media":0,"template":"","meta":{"ngg_post_thumbnail":0,"_links_to":"","_links_to_target":""},"product_brand":[],"product_cat":[38],"product_tag":[],"class_list":{"0":"post-3500","1":"product","2":"type-product","3":"status-publish","5":"product_cat-vpci-proizvodi-za-pakiranje-i-konzervaciju","7":"first","8":"instock","9":"shipping-taxable","10":"product-type-simple"},"_links":{"self":[{"href":"https:\/\/cortecros.com\/hr\/wp-json\/wp\/v2\/product\/3500","targetHints":{"allow":["GET"]}}],"collection":[{"href":"https:\/\/cortecros.com\/hr\/wp-json\/wp\/v2\/product"}],"about":[{"href":"https:\/\/cortecros.com\/hr\/wp-json\/wp\/v2\/types\/product"}],"wp:attachment":[{"href":"https:\/\/cortecros.com\/hr\/wp-json\/wp\/v2\/media?parent=3500"}],"wp:term":[{"taxonomy":"product_brand","embeddable":true,"href":"https:\/\/cortecros.com\/hr\/wp-json\/wp\/v2\/product_brand?post=3500"},{"taxonomy":"product_cat","embeddable":true,"href":"https:\/\/cortecros.com\/hr\/wp-json\/wp\/v2\/product_cat?post=3500"},{"taxonomy":"product_tag","embeddable":true,"href":"https:\/\/cortecros.com\/hr\/wp-json\/wp\/v2\/product_tag?post=3500"}],"curies":[{"name":"wp","href":"https:\/\/api.w.org\/{rel}","templated":true}]}}