{"id":3503,"date":"2017-05-22T18:15:14","date_gmt":"2017-05-22T18:15:14","guid":{"rendered":"http:\/\/cortecros.com\/product\/vpci-146-eko-papir-s-inhibitorom-korozije\/"},"modified":"2022-07-25T09:37:30","modified_gmt":"2022-07-25T09:37:30","slug":"vpci-146-eko-papir-s-inhibitorom-korozije","status":"publish","type":"product","link":"https:\/\/cortecros.com\/hr\/product\/vpci-146-eko-papir-s-inhibitorom-korozije\/","title":{"rendered":"CorShield\u00ae VpCI\u00ae-146 papir"},"content":{"rendered":"<p>CorShield\u00aeVpCI\u00ae-146 s Eco-Bio&#x2122; tehnologijom vrhunski je papir koji sprje\u010dava koroziju i primjenjuje se u industriji. Temelji se na Cortecovoj patentiranoj biorazgradivoj tehnologiji za sprje\u010davanje korozije u hlapljivoj fazi te se mo\u017ee kompostirati, \u0161to je revolucioniralo na\u010din za\u0161tite metala u zatvorenom pakiranju.<\/p>\n<p>Obje strane CorShield\u00ae VpCI\u00ae- 146 papira nude u\u010dinkovitu za\u0161titu crnih i obojenih metala, tako \u0161to su eliminirali potrebu za kupovanjem razli\u010ditih vrsta papira za razli\u010dite vrstemetala.Jednostavno omotajte predmete u papir i preklopite rubove zajedno, po potrebi zalijepite kako biste papir dr\u017eali na mjestu. VpCI\u00ae premaz na<br \/>\npapiru je hlapljiv, tako da dopire do svih metalnih povr\u0161ina unutar pakiranja i time omogu\u0107uje potpunu za\u0161titu od korozije pomo\u0107u vrlo tankog, vrlo u\u010dinkovitog VpCI\u00ae sloja koji ne mijenja izgled proizvoda ili zahtijeva uklanjanje prije daljnje dorade ili uporabe.<\/p>\n<p>CorShield\u00ae VpCI\u00ae-146 papir izra\u0111en je od 100% recikliranog papira i potpuno se mo\u017ee reciklirati\/ repulpirati. Biorazgradiv je i mo\u017ee se kompostirati Sadr\u017ei 92% USDA certificiranog sadr\u017eaja na biolo\u0161koj osnovi i kvalificiran je proizvod prema obveznoj saveznoj inicijativi za kupnju programa USDA BioPreferred\u00ae .<\/p>\n<p><b>Pakiranje:<\/b> Kako biste dobili najbolje\u00a0 performanse proizvoda, skladi\u0161tite\u00a0 ga u originalnom pakiranju, u zatvorenom mra\u010dnom prostoru na<br \/>\n40-100 \u00b0F (4-38 \u00b0C).<\/p>\n<p>Tehni\u010dki list proizvoda (TLP)<\/p>\n<p><a href=\"https:\/\/cortecros.com\/wp-content\/uploads\/2022\/07\/CorShield-VpCI-146-papir.pdf\">CorShield VpCI-146<\/a><\/p>\n","protected":false},"excerpt":{"rendered":"<p>CorShield\u00aeVpCI\u00ae-146 s Eco-Bio&#x2122; tehnologijom vrhunski je papir koji sprje\u010dava koroziju i primjenjuje se u industriji. Temelji se na Cortecovoj patentiranoj biorazgradivoj tehnologiji za sprje\u010davanje korozije u hlapljivoj fazi te se mo\u017ee kompostirati, \u0161to je revolucioniralo na\u010din za\u0161tite metala u zatvorenom pakiranju. Obje strane CorShield\u00ae VpCI\u00ae- 146 papira nude u\u010dinkovitu za\u0161titu\u2026 <a class=\"continue-reading-link\" href=\"https:\/\/cortecros.com\/hr\/product\/vpci-146-eko-papir-s-inhibitorom-korozije\/\">nastavi \u010ditati<\/a><\/p>\n","protected":false},"featured_media":31819,"template":"","meta":{"ngg_post_thumbnail":0,"_links_to":"","_links_to_target":""},"product_brand":[],"product_cat":[38],"product_tag":[],"class_list":{"0":"post-3503","1":"product","2":"type-product","3":"status-publish","4":"has-post-thumbnail","6":"product_cat-vpci-proizvodi-za-pakiranje-i-konzervaciju","8":"first","9":"instock","10":"shipping-taxable","11":"product-type-simple"},"_links":{"self":[{"href":"https:\/\/cortecros.com\/hr\/wp-json\/wp\/v2\/product\/3503","targetHints":{"allow":["GET"]}}],"collection":[{"href":"https:\/\/cortecros.com\/hr\/wp-json\/wp\/v2\/product"}],"about":[{"href":"https:\/\/cortecros.com\/hr\/wp-json\/wp\/v2\/types\/product"}],"wp:featuredmedia":[{"embeddable":true,"href":"https:\/\/cortecros.com\/hr\/wp-json\/wp\/v2\/media\/31819"}],"wp:attachment":[{"href":"https:\/\/cortecros.com\/hr\/wp-json\/wp\/v2\/media?parent=3503"}],"wp:term":[{"taxonomy":"product_brand","embeddable":true,"href":"https:\/\/cortecros.com\/hr\/wp-json\/wp\/v2\/product_brand?post=3503"},{"taxonomy":"product_cat","embeddable":true,"href":"https:\/\/cortecros.com\/hr\/wp-json\/wp\/v2\/product_cat?post=3503"},{"taxonomy":"product_tag","embeddable":true,"href":"https:\/\/cortecros.com\/hr\/wp-json\/wp\/v2\/product_tag?post=3503"}],"curies":[{"name":"wp","href":"https:\/\/api.w.org\/{rel}","templated":true}]}}