{"id":363,"date":"2017-05-04T17:46:06","date_gmt":"2017-05-04T17:46:06","guid":{"rendered":"http:\/\/cortecros.com\/product\/corrosorber-apsorber-sumporovodika\/"},"modified":"2017-08-04T08:47:41","modified_gmt":"2017-08-04T08:47:41","slug":"corrosorber-apsorber-sumporovodika","status":"publish","type":"product","link":"https:\/\/cortecros.com\/hr\/product\/corrosorber-apsorber-sumporovodika\/","title":{"rendered":"Corrosorber-Apsorber sumporovodika"},"content":{"rendered":"<p>Corrosorber upija iz atmosfere sumporovodik, koji uzrokuju koroziju, te na taj na\u010din uklanja iz atmosfere i eliminira uzro\u010dnike pojave \u0161tete na metalu.<br \/>\nKemijske supstance Corrosorbera posebno su projektirane tako da mijenjaju boju iz bijele u crnu kada su zasi\u0107ene korozivnim plinovima iz atmosfere. Corrosorber ne otpu\u0161ta upijene korozivne plinove natrag u atmosferu. Reakcija je ireverzibilna, tako da nema posljedica od eventualne naknadne kontaminacije. Nije toksi\u010dan, ne zaga\u0111uje okoli\u0161. Mo\u017ee se rukovati bez za\u0161titne opreme.<br \/>\n<strong>Pakiranje:<\/strong> 10 komada u kartonu<\/p>\n<p>Tehni\u010dki list proizvoda (TLP)<\/p>\n<p><a href=\"https:\/\/cortecros.com\/wp-content\/uploads\/2017\/08\/Cor-Pak-1-MUL.pdf\">Cor-Pak 1-MUL<\/a><\/p>\n","protected":false},"excerpt":{"rendered":"<p>Corrosorber upija iz atmosfere sumporovodik, koji uzrokuju koroziju, te na taj na\u010din uklanja iz atmosfere i eliminira uzro\u010dnike pojave \u0161tete na metalu. Kemijske supstance Corrosorbera posebno su projektirane tako da mijenjaju boju iz bijele u crnu kada su zasi\u0107ene korozivnim plinovima iz atmosfere. Corrosorber ne otpu\u0161ta upijene korozivne plinove natrag\u2026 <a class=\"continue-reading-link\" href=\"https:\/\/cortecros.com\/hr\/product\/corrosorber-apsorber-sumporovodika\/\">nastavi \u010ditati<\/a><\/p>\n","protected":false},"featured_media":392,"template":"","meta":{"ngg_post_thumbnail":0,"_links_to":"","_links_to_target":""},"product_brand":[],"product_cat":[38,33],"product_tag":[],"class_list":{"0":"post-363","1":"product","2":"type-product","3":"status-publish","4":"has-post-thumbnail","6":"product_cat-vpci-proizvodi-za-pakiranje-i-konzervaciju","7":"product_cat-vpci-proizvodi-za-zastitu-elektricnih-i-elektronickih-uredaja","9":"first","10":"instock","11":"shipping-taxable","12":"product-type-simple"},"_links":{"self":[{"href":"https:\/\/cortecros.com\/hr\/wp-json\/wp\/v2\/product\/363","targetHints":{"allow":["GET"]}}],"collection":[{"href":"https:\/\/cortecros.com\/hr\/wp-json\/wp\/v2\/product"}],"about":[{"href":"https:\/\/cortecros.com\/hr\/wp-json\/wp\/v2\/types\/product"}],"wp:featuredmedia":[{"embeddable":true,"href":"https:\/\/cortecros.com\/hr\/wp-json\/wp\/v2\/media\/392"}],"wp:attachment":[{"href":"https:\/\/cortecros.com\/hr\/wp-json\/wp\/v2\/media?parent=363"}],"wp:term":[{"taxonomy":"product_brand","embeddable":true,"href":"https:\/\/cortecros.com\/hr\/wp-json\/wp\/v2\/product_brand?post=363"},{"taxonomy":"product_cat","embeddable":true,"href":"https:\/\/cortecros.com\/hr\/wp-json\/wp\/v2\/product_cat?post=363"},{"taxonomy":"product_tag","embeddable":true,"href":"https:\/\/cortecros.com\/hr\/wp-json\/wp\/v2\/product_tag?post=363"}],"curies":[{"name":"wp","href":"https:\/\/api.w.org\/{rel}","templated":true}]}}