{"id":37649,"date":"2026-01-16T12:22:20","date_gmt":"2026-01-16T12:22:20","guid":{"rendered":"https:\/\/cortecros.com\/?post_type=product&#038;p=37649"},"modified":"2026-01-16T12:23:26","modified_gmt":"2026-01-16T12:23:26","slug":"eco-wrap-eco-wrap-patentirana-folija-us-patent-11718076","status":"publish","type":"product","link":"https:\/\/cortecros.com\/hr\/product\/eco-wrap-eco-wrap-patentirana-folija-us-patent-11718076\/","title":{"rendered":"Eco Wrap\u00ae: Eco Wrap\u00ae, Patentirana Folija, US Patent #11,718,076"},"content":{"rendered":"<p><em><span class=\"fontstyle0\">Prva na svijetu certificirana kompostabilna industrijska rastezljiva folija<\/span><\/em><\/p>\n<p>Eco Wrap\u00ae je specijalna certificirana kompostabilna folija za&nbsp;zamatanje izra\u0111ena od certificiranog kompostabilnog polimera&nbsp;uz dodatak aditiva za ljepljivost. Eco Wrap\u00ae je dizajniran&nbsp;za rad na postoje\u0107oj opremi za&nbsp;rastezljivu foliju jednostavnim&nbsp;pode\u0161avanjem postavki napetosti. Korisnici Eco Wrap\u00ae folije mogu&nbsp;imati koristi od smanjenja materijala i otpada na sljede\u0107e na\u010dine:<\/p>\n<p>Prvo, ve\u0107ina primjena koje zahtijevaju tri sloja standardne folije mogu koristiti dva sloja Eco&nbsp;Wrap\u00ae folije bez gubitka \u010dvrsto\u0107e&nbsp;&nbsp;li za\u0161tit, Eco Wrap\u00ae je&nbsp;komercijalno certificiran kao&nbsp;kompostabilan te mo\u017ee pomo\u0107i&nbsp;u izbjegavanju tarifa, kazni i naknada za odlaganje u podru\u010djima&nbsp;gdje je polietilen zabranjen ili&nbsp;ograni\u010den. Eco Wrap\u00ae je stabilan&nbsp;tijekom skladi\u0161tenja i transporta&nbsp;te \u0107e zadr\u017eati svoj integritet do&nbsp;pravilnog odlaganja.<\/p>\n<p><strong>Pakiranje:<\/strong> Dostupne debljine: 25 ili 38,1 \u00b5m (1 ili 1,5 mil)<br \/>\n\u2022 \u0160irine: 50,8 ili 76,2 cm (20\u201d ili 30\u201d)<br \/>\n\u2022 Oblici: Pojedina\u010dno pakirane role ili paletno pakiranje.<br \/>\n\u2022 Skladi\u0161tenje: \u010cuvati u originalnom pakiranju, u zatvorenom prostoru, izvan izravne sun\u010deve svjetlosti na temperaturi od 4 do 38 \u00b0C (40\u2013100 \u00b0F).<br \/>\n\u2022 Rok trajanja: 2 godine<\/p>\n<p>Tehni\u010dki list proizvoda (TLP)<\/p>\n<p><a href=\"https:\/\/www.cortecvci.com\/Publications\/PDS\/Eco-Wrap-Cro.pdf\">Eco Wrap<\/a><\/p>\n","protected":false},"excerpt":{"rendered":"<p>Prva na svijetu certificirana kompostabilna industrijska rastezljiva folija Eco Wrap\u00ae je specijalna certificirana kompostabilna folija za&nbsp;zamatanje izra\u0111ena od certificiranog kompostabilnog polimera&nbsp;uz dodatak aditiva za ljepljivost. Eco Wrap\u00ae je dizajniran&nbsp;za rad na postoje\u0107oj opremi za&nbsp;rastezljivu foliju jednostavnim&nbsp;pode\u0161avanjem postavki napetosti. Korisnici Eco Wrap\u00ae folije mogu&nbsp;imati koristi od smanjenja materijala i otpada na\u2026 <a class=\"continue-reading-link\" href=\"https:\/\/cortecros.com\/hr\/product\/eco-wrap-eco-wrap-patentirana-folija-us-patent-11718076\/\">nastavi \u010ditati<\/a><\/p>\n","protected":false},"featured_media":37650,"template":"","meta":{"ngg_post_thumbnail":0,"_links_to":"","_links_to_target":""},"product_brand":[],"product_cat":[38],"product_tag":[],"class_list":{"0":"post-37649","1":"product","2":"type-product","3":"status-publish","4":"has-post-thumbnail","6":"product_cat-vpci-proizvodi-za-pakiranje-i-konzervaciju","8":"first","9":"instock","10":"shipping-taxable","11":"product-type-simple"},"_links":{"self":[{"href":"https:\/\/cortecros.com\/hr\/wp-json\/wp\/v2\/product\/37649","targetHints":{"allow":["GET"]}}],"collection":[{"href":"https:\/\/cortecros.com\/hr\/wp-json\/wp\/v2\/product"}],"about":[{"href":"https:\/\/cortecros.com\/hr\/wp-json\/wp\/v2\/types\/product"}],"wp:featuredmedia":[{"embeddable":true,"href":"https:\/\/cortecros.com\/hr\/wp-json\/wp\/v2\/media\/37650"}],"wp:attachment":[{"href":"https:\/\/cortecros.com\/hr\/wp-json\/wp\/v2\/media?parent=37649"}],"wp:term":[{"taxonomy":"product_brand","embeddable":true,"href":"https:\/\/cortecros.com\/hr\/wp-json\/wp\/v2\/product_brand?post=37649"},{"taxonomy":"product_cat","embeddable":true,"href":"https:\/\/cortecros.com\/hr\/wp-json\/wp\/v2\/product_cat?post=37649"},{"taxonomy":"product_tag","embeddable":true,"href":"https:\/\/cortecros.com\/hr\/wp-json\/wp\/v2\/product_tag?post=37649"}],"curies":[{"name":"wp","href":"https:\/\/api.w.org\/{rel}","templated":true}]}}