{"id":4063,"date":"2017-11-22T14:42:59","date_gmt":"2017-11-22T14:42:59","guid":{"rendered":"https:\/\/cortecros.com\/product\/ecoair-bioclean-spray\/"},"modified":"2019-05-22T12:48:51","modified_gmt":"2019-05-22T12:48:51","slug":"ecoair-bioclean-spray","status":"publish","type":"product","link":"https:\/\/cortecros.com\/hr\/product\/ecoair-bioclean-spray\/","title":{"rendered":"EcoAir\u00ae BioClean Spray"},"content":{"rendered":"<p>BioClean sprej je novi dodatak Cortec liniji proizvoda na bio bazi. BioClean sprej je mje\u0161avina fosfolipida kokosova ulja, &#8220;zelenih&#8221; inhibitora korozije i povr\u0161insko-aktivnih tvari dizajniranih za disperziranje i inhibiciju mikrobiolo\u0161kog rasta. BioClean sprej \u0107e eliminirati postoje\u0107a mikrobiolo\u0161ka zaga\u0111enja kao i osiguratiodgodu rasta u budu\u0107nosti. BioClean sprej nije toksi\u010dan, nije opasan, biorazgradljiv je i proizveden od obnovljivih izvora.<\/p>\n<p><strong>Pakiranje:<\/strong> BioClean sprej dostupan je u recikliraju\u0107oj aluminijskoj limenki, kao sprej<br \/>\nod 284-397 g (360 ml), 12 sprejeva po kartonu.<\/p>\n<p><strong>Tehni\u010dki list proizvoda (TLP)<\/strong><\/p>\n<p>&nbsp;<\/p>\n<p>&nbsp;<\/p>\n","protected":false},"excerpt":{"rendered":"<p>BioClean sprej je novi dodatak Cortec liniji proizvoda na bio bazi. BioClean sprej je mje\u0161avina fosfolipida kokosova ulja, &#8220;zelenih&#8221; inhibitora korozije i povr\u0161insko-aktivnih tvari dizajniranih za disperziranje i inhibiciju mikrobiolo\u0161kog rasta. BioClean sprej \u0107e eliminirati postoje\u0107a mikrobiolo\u0161ka zaga\u0111enja kao i osiguratiodgodu rasta u budu\u0107nosti. BioClean sprej nije toksi\u010dan, nije opasan,\u2026 <a class=\"continue-reading-link\" href=\"https:\/\/cortecros.com\/hr\/product\/ecoair-bioclean-spray\/\">nastavi \u010ditati<\/a><\/p>\n","protected":false},"featured_media":0,"template":"","meta":{"ngg_post_thumbnail":0,"_links_to":"","_links_to_target":""},"product_brand":[],"product_cat":[43],"product_tag":[],"class_list":{"0":"post-4063","1":"product","2":"type-product","3":"status-publish","5":"product_cat-eco-line-proizvodi-sprejevi","7":"first","8":"instock","9":"shipping-taxable","10":"product-type-simple"},"_links":{"self":[{"href":"https:\/\/cortecros.com\/hr\/wp-json\/wp\/v2\/product\/4063","targetHints":{"allow":["GET"]}}],"collection":[{"href":"https:\/\/cortecros.com\/hr\/wp-json\/wp\/v2\/product"}],"about":[{"href":"https:\/\/cortecros.com\/hr\/wp-json\/wp\/v2\/types\/product"}],"wp:attachment":[{"href":"https:\/\/cortecros.com\/hr\/wp-json\/wp\/v2\/media?parent=4063"}],"wp:term":[{"taxonomy":"product_brand","embeddable":true,"href":"https:\/\/cortecros.com\/hr\/wp-json\/wp\/v2\/product_brand?post=4063"},{"taxonomy":"product_cat","embeddable":true,"href":"https:\/\/cortecros.com\/hr\/wp-json\/wp\/v2\/product_cat?post=4063"},{"taxonomy":"product_tag","embeddable":true,"href":"https:\/\/cortecros.com\/hr\/wp-json\/wp\/v2\/product_tag?post=4063"}],"curies":[{"name":"wp","href":"https:\/\/api.w.org\/{rel}","templated":true}]}}