{"id":4064,"date":"2017-05-25T13:57:53","date_gmt":"2017-05-25T13:57:53","guid":{"rendered":"https:\/\/cortecros.com\/product\/antistaticni-cistac-stakla-i-plastike\/"},"modified":"2019-05-10T10:09:32","modified_gmt":"2019-05-10T10:09:32","slug":"antistaticni-cistac-stakla-i-plastike","status":"publish","type":"product","link":"https:\/\/cortecros.com\/hr\/product\/antistaticni-cistac-stakla-i-plastike\/","title":{"rendered":"Antistati\u010dni \u010dista\u010d stakla i plastike"},"content":{"rendered":"<p>&#8211; Uklanja tintu, \u010da\u0111u i masno\u0107u<br \/>\n&#8211; Spre\u010dava elektrostati\u010dko stvaranje<br \/>\n&#8211; Ne ostavlja tragove boje<br \/>\n&#8211; Zadovoljava VOC emisijske standarde<br \/>\n&#8211; Ne sadr\u017ei CFC, HCFC, ODP<\/p>\n<p>Primjena:<br \/>\n&#8211; Zasloni ra\u010dunala<br \/>\n&#8211; Ormari\u0107i ra\u010dunala<br \/>\n&#8211; Tastature<br \/>\n&#8211; Printeri<br \/>\n&#8211; Uredska oprema<\/p>\n","protected":false},"excerpt":{"rendered":"<p>&#8211; Uklanja tintu, \u010da\u0111u i masno\u0107u &#8211; Spre\u010dava elektrostati\u010dko stvaranje &#8211; Ne ostavlja tragove boje &#8211; Zadovoljava VOC emisijske standarde &#8211; Ne sadr\u017ei CFC, HCFC, ODP Primjena: &#8211; Zasloni ra\u010dunala &#8211; Ormari\u0107i ra\u010dunala &#8211; Tastature &#8211; Printeri &#8211; Uredska oprema <a class=\"continue-reading-link\" href=\"https:\/\/cortecros.com\/hr\/product\/antistaticni-cistac-stakla-i-plastike\/\">nastavi \u010ditati<\/a><\/p>\n","protected":false},"featured_media":0,"template":"","meta":{"ngg_post_thumbnail":0,"_links_to":"","_links_to_target":""},"product_brand":[],"product_cat":[46],"product_tag":[],"class_list":{"0":"post-4064","1":"product","2":"type-product","3":"status-publish","5":"product_cat-rawn-sprej-tehnologija","7":"first","8":"instock","9":"shipping-taxable","10":"product-type-simple"},"_links":{"self":[{"href":"https:\/\/cortecros.com\/hr\/wp-json\/wp\/v2\/product\/4064","targetHints":{"allow":["GET"]}}],"collection":[{"href":"https:\/\/cortecros.com\/hr\/wp-json\/wp\/v2\/product"}],"about":[{"href":"https:\/\/cortecros.com\/hr\/wp-json\/wp\/v2\/types\/product"}],"wp:attachment":[{"href":"https:\/\/cortecros.com\/hr\/wp-json\/wp\/v2\/media?parent=4064"}],"wp:term":[{"taxonomy":"product_brand","embeddable":true,"href":"https:\/\/cortecros.com\/hr\/wp-json\/wp\/v2\/product_brand?post=4064"},{"taxonomy":"product_cat","embeddable":true,"href":"https:\/\/cortecros.com\/hr\/wp-json\/wp\/v2\/product_cat?post=4064"},{"taxonomy":"product_tag","embeddable":true,"href":"https:\/\/cortecros.com\/hr\/wp-json\/wp\/v2\/product_tag?post=4064"}],"curies":[{"name":"wp","href":"https:\/\/api.w.org\/{rel}","templated":true}]}}