{"id":4065,"date":"2017-05-25T14:05:52","date_gmt":"2017-05-25T14:05:52","guid":{"rendered":"https:\/\/cortecros.com\/product\/cistac-elektricnih-kontakata\/"},"modified":"2019-05-10T10:12:01","modified_gmt":"2019-05-10T10:12:01","slug":"cistac-elektricnih-kontakata","status":"publish","type":"product","link":"https:\/\/cortecros.com\/hr\/product\/cistac-elektricnih-kontakata\/","title":{"rendered":"\u010cista\u010d elektri\u010dnih kontakata"},"content":{"rendered":"<p>&#8211; Fino \u010di\u0161\u0107enje i odma\u0161\u0107ivanje<br \/>\n&#8211; Brzo su\u0161i, nema ostatka<br \/>\n&#8211; Nije korozivan, nevodljiv<br \/>\n&#8211; Prije upotrebe testirati na plastiku<br \/>\n&#8211; Klasa II ODC<\/p>\n<p>Primjena:<br \/>\n&#8211; Elektri\u010dna oprema<br \/>\n&#8211; Releji i sklopke<br \/>\n&#8211; Dijelovi motora<br \/>\n&#8211; Kontrola strojeva<\/p>\n","protected":false},"excerpt":{"rendered":"<p>&#8211; Fino \u010di\u0161\u0107enje i odma\u0161\u0107ivanje &#8211; Brzo su\u0161i, nema ostatka &#8211; Nije korozivan, nevodljiv &#8211; Prije upotrebe testirati na plastiku &#8211; Klasa II ODC Primjena: &#8211; Elektri\u010dna oprema &#8211; Releji i sklopke &#8211; Dijelovi motora &#8211; Kontrola strojeva <a class=\"continue-reading-link\" href=\"https:\/\/cortecros.com\/hr\/product\/cistac-elektricnih-kontakata\/\">nastavi \u010ditati<\/a><\/p>\n","protected":false},"featured_media":0,"template":"","meta":{"ngg_post_thumbnail":0,"_links_to":"","_links_to_target":""},"product_brand":[],"product_cat":[46],"product_tag":[],"class_list":{"0":"post-4065","1":"product","2":"type-product","3":"status-publish","5":"product_cat-rawn-sprej-tehnologija","7":"first","8":"instock","9":"shipping-taxable","10":"product-type-simple"},"_links":{"self":[{"href":"https:\/\/cortecros.com\/hr\/wp-json\/wp\/v2\/product\/4065","targetHints":{"allow":["GET"]}}],"collection":[{"href":"https:\/\/cortecros.com\/hr\/wp-json\/wp\/v2\/product"}],"about":[{"href":"https:\/\/cortecros.com\/hr\/wp-json\/wp\/v2\/types\/product"}],"wp:attachment":[{"href":"https:\/\/cortecros.com\/hr\/wp-json\/wp\/v2\/media?parent=4065"}],"wp:term":[{"taxonomy":"product_brand","embeddable":true,"href":"https:\/\/cortecros.com\/hr\/wp-json\/wp\/v2\/product_brand?post=4065"},{"taxonomy":"product_cat","embeddable":true,"href":"https:\/\/cortecros.com\/hr\/wp-json\/wp\/v2\/product_cat?post=4065"},{"taxonomy":"product_tag","embeddable":true,"href":"https:\/\/cortecros.com\/hr\/wp-json\/wp\/v2\/product_tag?post=4065"}],"curies":[{"name":"wp","href":"https:\/\/api.w.org\/{rel}","templated":true}]}}