{"id":4097,"date":"2017-05-17T17:11:31","date_gmt":"2017-05-17T17:11:31","guid":{"rendered":"https:\/\/cortecros.com\/product\/corrverter-rust-primer\/"},"modified":"2022-06-06T09:19:12","modified_gmt":"2022-06-06T09:19:12","slug":"corrverter-rust-primer","status":"publish","type":"product","link":"https:\/\/cortecros.com\/hr\/product\/corrverter-rust-primer\/","title":{"rendered":"CorrVerter\u00ae Rust Primer"},"content":{"rendered":"<p>VpCI&#x2122; CorrVerter proizvod na bazi vode koji konvertira hr\u0111u i stvara primarni (temeljni) premaz. Preporu\u010da se za primjenu kod korodiranih ili lo\u0161e pripremljenih metalnih povr\u0161ina gdje se zahtjeva daljnja za\u0161tita od korozije i dobro postizanje pripreme povr\u0161ine za zavr\u0161ne premaze.<br \/>\nVpCI&#x2122; CorrVerter formuliran je da prodire u dubinu korodirane povr\u0161ina, odstrani hr\u0111u, prodre do \u201cgolog\u201d metala i zaustavi daljnje napredovanje korozivnog procesa stvaraju\u0107i temeljni premaz.<br \/>\nVpCI&#x2122; CorrVerter ne sadr\u017ei tanin ili fosfornu kiselinu, osigurava dugoro\u010dnu za\u0161titu od korozije lo\u0161e pripremljene metalne povr\u0161ine, kompatibilan je sa zavr\u0161nim premazima na bazi otapala i vode.<\/p>\n<p>Pakiranje: 470 ml, 19l i 208l<\/p>\n<p><a href=\"https:\/\/cortecros.com\/wp-content\/uploads\/2022\/06\/Bio_Corr_Rust_Preventive.pdf\"><b>Tehni\u010dki list proizvoda<\/b><\/a><\/p>\n","protected":false},"excerpt":{"rendered":"<p>VpCI&#x2122; CorrVerter proizvod na bazi vode koji konvertira hr\u0111u i stvara primarni (temeljni) premaz. Preporu\u010da se za primjenu kod korodiranih ili lo\u0161e pripremljenih metalnih povr\u0161ina gdje se zahtjeva daljnja za\u0161tita od korozije i dobro postizanje pripreme povr\u0161ine za zavr\u0161ne premaze. VpCI&#x2122; CorrVerter formuliran je da prodire u dubinu korodirane povr\u0161ina,\u2026 <a class=\"continue-reading-link\" href=\"https:\/\/cortecros.com\/hr\/product\/corrverter-rust-primer\/\">nastavi \u010ditati<\/a><\/p>\n","protected":false},"featured_media":29905,"template":"","meta":{"ngg_post_thumbnail":0,"_links_to":"","_links_to_target":""},"product_brand":[],"product_cat":[42,36],"product_tag":[],"class_list":{"0":"post-4097","1":"product","2":"type-product","3":"status-publish","4":"has-post-thumbnail","6":"product_cat-mci-proizvodi-za-graditeljstvo","7":"product_cat-vpci-premazi-za-antikorozivnu-zastitu-i-konzervaciju-metala","9":"first","10":"instock","11":"shipping-taxable","12":"product-type-simple"},"_links":{"self":[{"href":"https:\/\/cortecros.com\/hr\/wp-json\/wp\/v2\/product\/4097","targetHints":{"allow":["GET"]}}],"collection":[{"href":"https:\/\/cortecros.com\/hr\/wp-json\/wp\/v2\/product"}],"about":[{"href":"https:\/\/cortecros.com\/hr\/wp-json\/wp\/v2\/types\/product"}],"wp:featuredmedia":[{"embeddable":true,"href":"https:\/\/cortecros.com\/hr\/wp-json\/wp\/v2\/media\/29905"}],"wp:attachment":[{"href":"https:\/\/cortecros.com\/hr\/wp-json\/wp\/v2\/media?parent=4097"}],"wp:term":[{"taxonomy":"product_brand","embeddable":true,"href":"https:\/\/cortecros.com\/hr\/wp-json\/wp\/v2\/product_brand?post=4097"},{"taxonomy":"product_cat","embeddable":true,"href":"https:\/\/cortecros.com\/hr\/wp-json\/wp\/v2\/product_cat?post=4097"},{"taxonomy":"product_tag","embeddable":true,"href":"https:\/\/cortecros.com\/hr\/wp-json\/wp\/v2\/product_tag?post=4097"}],"curies":[{"name":"wp","href":"https:\/\/api.w.org\/{rel}","templated":true}]}}