{"id":4100,"date":"2017-05-25T14:18:32","date_gmt":"2017-05-25T14:18:32","guid":{"rendered":"https:\/\/cortecros.com\/product\/vpci-teflon-mast\/"},"modified":"2019-05-07T11:47:33","modified_gmt":"2019-05-07T11:47:33","slug":"vpci-teflon-mast","status":"publish","type":"product","link":"https:\/\/cortecros.com\/hr\/product\/vpci-teflon-mast\/","title":{"rendered":"VpCI-Teflon mast"},"content":{"rendered":"<p>Mast visokog stupanja podmazivanja koja omogu\u0107uje izuzetno u\u010dinkovitu anti-korozivnu za\u0161titu i podmazivanje strojeva i strojnih dijelova.<br \/>\nMast posjeduje novu, inovativnu tehnologiju hlapljivh inhibitora korozije (VpCI). Za\u0161titni film tankog premaza masti je samoobnavljaju\u0107i, otporan na vlagu, sol, vodu i vremenske utjecaje.<br \/>\nUporaba osigurava odli\u010dnu za\u0161titu u najagresivnijim uvjetima, strojevi se pokre\u0107u s lako\u0107om, te produ\u017euje vijek uporabe opreme i strojeva. Ne o\u0161te\u0107uje obojene povr\u0161ine, gumu i plastiku. <\/p>\n<p>Pakiranje: 19 l kanister, 208 l ba\u010dva, 396 g ulo\u017eak zelene teflonske masti za mazalicu.<\/p>\n<a href=\"https:\/\/cortecros.com\/wp-content\/uploads\/2019\/05\/VpCI-teflon-mast.pdf\" class=\"pdfemb-viewer\" style=\"\" data-width=\"max\" data-height=\"max\" data-toolbar=\"bottom\" data-toolbar-fixed=\"off\">VpCI-teflon-mast<\/a>\n","protected":false},"excerpt":{"rendered":"<p>Mast visokog stupanja podmazivanja koja omogu\u0107uje izuzetno u\u010dinkovitu anti-korozivnu za\u0161titu i podmazivanje strojeva i strojnih dijelova. Mast posjeduje novu, inovativnu tehnologiju hlapljivh inhibitora korozije (VpCI). Za\u0161titni film tankog premaza masti je samoobnavljaju\u0107i, otporan na vlagu, sol, vodu i vremenske utjecaje. Uporaba osigurava odli\u010dnu za\u0161titu u najagresivnijim uvjetima, strojevi se pokre\u0107u\u2026 <a class=\"continue-reading-link\" href=\"https:\/\/cortecros.com\/hr\/product\/vpci-teflon-mast\/\">nastavi \u010ditati<\/a><\/p>\n","protected":false},"featured_media":0,"template":"","meta":{"ngg_post_thumbnail":0,"_links_to":"","_links_to_target":""},"product_brand":[],"product_cat":[46],"product_tag":[],"class_list":{"0":"post-4100","1":"product","2":"type-product","3":"status-publish","5":"product_cat-rawn-sprej-tehnologija","7":"first","8":"instock","9":"shipping-taxable","10":"product-type-simple"},"_links":{"self":[{"href":"https:\/\/cortecros.com\/hr\/wp-json\/wp\/v2\/product\/4100","targetHints":{"allow":["GET"]}}],"collection":[{"href":"https:\/\/cortecros.com\/hr\/wp-json\/wp\/v2\/product"}],"about":[{"href":"https:\/\/cortecros.com\/hr\/wp-json\/wp\/v2\/types\/product"}],"wp:attachment":[{"href":"https:\/\/cortecros.com\/hr\/wp-json\/wp\/v2\/media?parent=4100"}],"wp:term":[{"taxonomy":"product_brand","embeddable":true,"href":"https:\/\/cortecros.com\/hr\/wp-json\/wp\/v2\/product_brand?post=4100"},{"taxonomy":"product_cat","embeddable":true,"href":"https:\/\/cortecros.com\/hr\/wp-json\/wp\/v2\/product_cat?post=4100"},{"taxonomy":"product_tag","embeddable":true,"href":"https:\/\/cortecros.com\/hr\/wp-json\/wp\/v2\/product_tag?post=4100"}],"curies":[{"name":"wp","href":"https:\/\/api.w.org\/{rel}","templated":true}]}}