{"id":4103,"date":"2017-05-17T17:32:41","date_gmt":"2017-05-17T17:32:41","guid":{"rendered":"https:\/\/cortecros.com\/product\/vpci-368-premaz-za-zastitu-na-otvorenom\/"},"modified":"2023-03-30T13:20:04","modified_gmt":"2023-03-30T13:20:04","slug":"vpci-368-premaz-za-zastitu-na-otvorenom","status":"publish","type":"product","link":"https:\/\/cortecros.com\/hr\/product\/vpci-368-premaz-za-zastitu-na-otvorenom\/","title":{"rendered":"VpCI-368 Premaz za za\u0161titu na otvorenom"},"content":{"rendered":"<p>Barijerni premaz na osnovi otapala koji pru\u017ea dugotrajnu vi\u0161emetalnu za\u0161titu na otvorenome. Polusuh, proziran, samo-oporavljiv i na ogrebotine otporan film. Razrjediv. Prskati, valjati, mazati \u010detkom ili uranjati. Uklanjati uobi\u010dajenim otapalima. Odgovara MIL-C-16173D stupnju 1.<br \/>\nPakiranje: 0.44 l aerosol, 19 l i 208 l.<br \/>\nProizvod postoji i u verzijama VpCI-368 Aerosol i VpCI-368 M &#8211; pogledati tehni\u010dki list proizvoda.<\/p>\n<p><a href=\"https:\/\/cortecros.com\/wp-content\/uploads\/2023\/03\/VpCI-368-1.pdf\">VpCI-368<\/a><\/p>\n<p><a href=\"https:\/\/cortecros.com\/wp-content\/uploads\/2020\/01\/VpCI-368_D-converted.pdf\">VpCI-368D<\/a><\/p>\n<p><a href=\"https:\/\/cortecros.com\/wp-content\/uploads\/2020\/07\/VpCI-368-M.pdf\">VpCI-368M<\/a><\/p>\n<p>&nbsp;<\/p>\n","protected":false},"excerpt":{"rendered":"<p>Barijerni premaz na osnovi otapala koji pru\u017ea dugotrajnu vi\u0161emetalnu za\u0161titu na otvorenome. Polusuh, proziran, samo-oporavljiv i na ogrebotine otporan film. Razrjediv. Prskati, valjati, mazati \u010detkom ili uranjati. Uklanjati uobi\u010dajenim otapalima. Odgovara MIL-C-16173D stupnju 1. Pakiranje: 0.44 l aerosol, 19 l i 208 l. Proizvod postoji i u verzijama VpCI-368 Aerosol\u2026 <a class=\"continue-reading-link\" href=\"https:\/\/cortecros.com\/hr\/product\/vpci-368-premaz-za-zastitu-na-otvorenom\/\">nastavi \u010ditati<\/a><\/p>\n","protected":false},"featured_media":17310,"template":"","meta":{"ngg_post_thumbnail":0,"_links_to":"","_links_to_target":""},"product_brand":[],"product_cat":[36],"product_tag":[],"class_list":{"0":"post-4103","1":"product","2":"type-product","3":"status-publish","4":"has-post-thumbnail","6":"product_cat-vpci-premazi-za-antikorozivnu-zastitu-i-konzervaciju-metala","8":"first","9":"instock","10":"shipping-taxable","11":"product-type-simple"},"_links":{"self":[{"href":"https:\/\/cortecros.com\/hr\/wp-json\/wp\/v2\/product\/4103","targetHints":{"allow":["GET"]}}],"collection":[{"href":"https:\/\/cortecros.com\/hr\/wp-json\/wp\/v2\/product"}],"about":[{"href":"https:\/\/cortecros.com\/hr\/wp-json\/wp\/v2\/types\/product"}],"wp:featuredmedia":[{"embeddable":true,"href":"https:\/\/cortecros.com\/hr\/wp-json\/wp\/v2\/media\/17310"}],"wp:attachment":[{"href":"https:\/\/cortecros.com\/hr\/wp-json\/wp\/v2\/media?parent=4103"}],"wp:term":[{"taxonomy":"product_brand","embeddable":true,"href":"https:\/\/cortecros.com\/hr\/wp-json\/wp\/v2\/product_brand?post=4103"},{"taxonomy":"product_cat","embeddable":true,"href":"https:\/\/cortecros.com\/hr\/wp-json\/wp\/v2\/product_cat?post=4103"},{"taxonomy":"product_tag","embeddable":true,"href":"https:\/\/cortecros.com\/hr\/wp-json\/wp\/v2\/product_tag?post=4103"}],"curies":[{"name":"wp","href":"https:\/\/api.w.org\/{rel}","templated":true}]}}