{"id":4110,"date":"2017-05-17T17:35:13","date_gmt":"2017-05-17T17:35:13","guid":{"rendered":"https:\/\/cortecros.com\/product\/vpci-369-tekuci-koncentrat-za-zastitu-na-otvorenom\/"},"modified":"2020-01-02T11:53:51","modified_gmt":"2020-01-02T11:53:51","slug":"vpci-369-tekuci-koncentrat-za-zastitu-na-otvorenom","status":"publish","type":"product","link":"https:\/\/cortecros.com\/hr\/product\/vpci-369-tekuci-koncentrat-za-zastitu-na-otvorenom\/","title":{"rendered":"VpCI-369 Teku\u0107i koncentrat za za\u0161titu na otvorenom"},"content":{"rendered":"<p>Barijerni premaz na bazi ulja koji pru\u017ea produ\u017eenu multimetalnu za\u0161titu u zatvorenom, polunatkritom i na otvorenome prostoru. Ljepljiv, proziran, samoobnovljiv film otporan na ogrebotine. Razrjediv.<br \/>\nVpCI-369 koristi se za za\u0161titu-konzervaciju nepokrivenih vanjskih i unutarnjih metalnih povr\u0161ina koje mogu do\u0107i u dodir sa vanjskim utjecajima vrlo agresivne atmosfere tijekom skladi\u0161tenja, obrade ili kori\u0161tenja, te konzerviranje opreme i pogona, opreme na terenu ili pri transportima.<br \/>\nPrskati, valjati, mazati \u010detkom ili uranjati. Uklanjati alkalnim sredstvima za \u010di\u0161\u0107enje i uobi\u010dajenim otapalima.<br \/>\nOdgovara MIL-C-16173D Grade 2- Nizak V.O.C.<br \/>\n<b>Pakiranje:<\/b>\u00a00.36 l aerosol, 19 l i 208 l.<br \/>\nProizvod postoji i u slijede\u0107ime verzijama: VpCI-369 Aerosol, VpCI-369D (razrije\u0111eni), VpCI-369M (vojna primjena) -pogledati tehni\u010dki list proizvoda.<\/p>\n<p><strong>Tehni\u010dki list proizvoda:<\/strong><\/p>\n<p><a href=\"https:\/\/cortecros.com\/wp-content\/uploads\/2020\/01\/VpCI-369.pdf\">VpCI-369<\/a><br \/>\n<a href=\"https:\/\/cortecros.com\/wp-content\/uploads\/2020\/01\/VpCI-369_DCortecros-1.pdf\">VpCI-369D<\/a><br \/>\n<a href=\"https:\/\/cortecros.com\/wp-content\/uploads\/2019\/05\/VpCI-369M.pdf\">VpCI-369M<\/a><\/p>\n","protected":false},"excerpt":{"rendered":"<p>Barijerni premaz na bazi ulja koji pru\u017ea produ\u017eenu multimetalnu za\u0161titu u zatvorenom, polunatkritom i na otvorenome prostoru. Ljepljiv, proziran, samoobnovljiv film otporan na ogrebotine. Razrjediv. VpCI-369 koristi se za za\u0161titu-konzervaciju nepokrivenih vanjskih i unutarnjih metalnih povr\u0161ina koje mogu do\u0107i u dodir sa vanjskim utjecajima vrlo agresivne atmosfere tijekom skladi\u0161tenja, obrade\u2026 <a class=\"continue-reading-link\" href=\"https:\/\/cortecros.com\/hr\/product\/vpci-369-tekuci-koncentrat-za-zastitu-na-otvorenom\/\">nastavi \u010ditati<\/a><\/p>\n","protected":false},"featured_media":17310,"template":"","meta":{"ngg_post_thumbnail":0,"_links_to":"","_links_to_target":""},"product_brand":[],"product_cat":[36],"product_tag":[],"class_list":{"0":"post-4110","1":"product","2":"type-product","3":"status-publish","4":"has-post-thumbnail","6":"product_cat-vpci-premazi-za-antikorozivnu-zastitu-i-konzervaciju-metala","8":"first","9":"instock","10":"shipping-taxable","11":"product-type-simple"},"_links":{"self":[{"href":"https:\/\/cortecros.com\/hr\/wp-json\/wp\/v2\/product\/4110","targetHints":{"allow":["GET"]}}],"collection":[{"href":"https:\/\/cortecros.com\/hr\/wp-json\/wp\/v2\/product"}],"about":[{"href":"https:\/\/cortecros.com\/hr\/wp-json\/wp\/v2\/types\/product"}],"wp:featuredmedia":[{"embeddable":true,"href":"https:\/\/cortecros.com\/hr\/wp-json\/wp\/v2\/media\/17310"}],"wp:attachment":[{"href":"https:\/\/cortecros.com\/hr\/wp-json\/wp\/v2\/media?parent=4110"}],"wp:term":[{"taxonomy":"product_brand","embeddable":true,"href":"https:\/\/cortecros.com\/hr\/wp-json\/wp\/v2\/product_brand?post=4110"},{"taxonomy":"product_cat","embeddable":true,"href":"https:\/\/cortecros.com\/hr\/wp-json\/wp\/v2\/product_cat?post=4110"},{"taxonomy":"product_tag","embeddable":true,"href":"https:\/\/cortecros.com\/hr\/wp-json\/wp\/v2\/product_tag?post=4110"}],"curies":[{"name":"wp","href":"https:\/\/api.w.org\/{rel}","templated":true}]}}