{"id":4111,"date":"2017-05-22T13:59:33","date_gmt":"2017-05-22T13:59:33","guid":{"rendered":"https:\/\/cortecros.com\/product\/corrcaps-vpci-zastitni-pokrivaci\/"},"modified":"2017-05-22T13:59:33","modified_gmt":"2017-05-22T13:59:33","slug":"corrcaps-vpci-zastitni-pokrivaci","status":"publish","type":"product","link":"https:\/\/cortecros.com\/hr\/product\/corrcaps-vpci-zastitni-pokrivaci\/","title":{"rendered":"Corrcaps VpCI za\u0161titni pokriva\u010di"},"content":{"rendered":"<p>Pokriva\u010d od VpCI-126 ili EcoWeave oba\u0161iven elasti\u010dnom gumom za za\u0161titu od korozije ko\u010dionih dijelova na vozilima. Izvrsna za\u0161tita i jednostavno nano\u0161enje. Mo\u017ee se izraditi prekriva\u010d promjera od 2,5 cm pa preko 60 cm.<br \/>\n<b>Pakiranje:<\/b>\u00a0prema narud\u017ebi kupca.<\/p>\n","protected":false},"excerpt":{"rendered":"<p>Pokriva\u010d od VpCI-126 ili EcoWeave oba\u0161iven elasti\u010dnom gumom za za\u0161titu od korozije ko\u010dionih dijelova na vozilima. Izvrsna za\u0161tita i jednostavno nano\u0161enje. Mo\u017ee se izraditi prekriva\u010d promjera od 2,5 cm pa preko 60 cm. Pakiranje:\u00a0prema narud\u017ebi kupca. <a class=\"continue-reading-link\" href=\"https:\/\/cortecros.com\/hr\/product\/corrcaps-vpci-zastitni-pokrivaci\/\">nastavi \u010ditati<\/a><\/p>\n","protected":false},"featured_media":0,"template":"","meta":{"ngg_post_thumbnail":0,"_links_to":"","_links_to_target":""},"product_brand":[],"product_cat":[38],"product_tag":[],"class_list":{"0":"post-4111","1":"product","2":"type-product","3":"status-publish","5":"product_cat-vpci-proizvodi-za-pakiranje-i-konzervaciju","7":"first","8":"instock","9":"shipping-taxable","10":"product-type-simple"},"_links":{"self":[{"href":"https:\/\/cortecros.com\/hr\/wp-json\/wp\/v2\/product\/4111","targetHints":{"allow":["GET"]}}],"collection":[{"href":"https:\/\/cortecros.com\/hr\/wp-json\/wp\/v2\/product"}],"about":[{"href":"https:\/\/cortecros.com\/hr\/wp-json\/wp\/v2\/types\/product"}],"wp:attachment":[{"href":"https:\/\/cortecros.com\/hr\/wp-json\/wp\/v2\/media?parent=4111"}],"wp:term":[{"taxonomy":"product_brand","embeddable":true,"href":"https:\/\/cortecros.com\/hr\/wp-json\/wp\/v2\/product_brand?post=4111"},{"taxonomy":"product_cat","embeddable":true,"href":"https:\/\/cortecros.com\/hr\/wp-json\/wp\/v2\/product_cat?post=4111"},{"taxonomy":"product_tag","embeddable":true,"href":"https:\/\/cortecros.com\/hr\/wp-json\/wp\/v2\/product_tag?post=4111"}],"curies":[{"name":"wp","href":"https:\/\/api.w.org\/{rel}","templated":true}]}}