{"id":4112,"date":"2017-05-22T14:11:31","date_gmt":"2017-05-22T14:11:31","guid":{"rendered":"https:\/\/cortecros.com\/product\/cor-pak-vpci-liner-film\/"},"modified":"2017-05-22T14:11:31","modified_gmt":"2017-05-22T14:11:31","slug":"cor-pak-vpci-liner-film","status":"publish","type":"product","link":"https:\/\/cortecros.com\/hr\/product\/cor-pak-vpci-liner-film\/","title":{"rendered":"Cor-Pak VpCI Liner Film"},"content":{"rendered":"<p>Izuzetno lagan (18 mikrona), \u010dvrst HDPE film za u\u010dvr\u0161\u0107ivanje spu\u017evi kao i za druga<br \/>\nomatanja. \u0160titi crne i obojene metale. Recikliraju\u0107i, izvrsna barijera, otporan na razdiranje.<br \/>\n<b>Pakiranje:<\/b>\u00a0u obliku pojedina\u010dnih plahti 91 cm i 122 cm \u0161irine.<\/p>\n","protected":false},"excerpt":{"rendered":"<p>Izuzetno lagan (18 mikrona), \u010dvrst HDPE film za u\u010dvr\u0161\u0107ivanje spu\u017evi kao i za druga omatanja. \u0160titi crne i obojene metale. Recikliraju\u0107i, izvrsna barijera, otporan na razdiranje. Pakiranje:\u00a0u obliku pojedina\u010dnih plahti 91 cm i 122 cm \u0161irine. <a class=\"continue-reading-link\" href=\"https:\/\/cortecros.com\/hr\/product\/cor-pak-vpci-liner-film\/\">nastavi \u010ditati<\/a><\/p>\n","protected":false},"featured_media":0,"template":"","meta":{"ngg_post_thumbnail":0,"_links_to":"","_links_to_target":""},"product_brand":[],"product_cat":[38],"product_tag":[],"class_list":{"0":"post-4112","1":"product","2":"type-product","3":"status-publish","5":"product_cat-vpci-proizvodi-za-pakiranje-i-konzervaciju","7":"first","8":"instock","9":"shipping-taxable","10":"product-type-simple"},"_links":{"self":[{"href":"https:\/\/cortecros.com\/hr\/wp-json\/wp\/v2\/product\/4112","targetHints":{"allow":["GET"]}}],"collection":[{"href":"https:\/\/cortecros.com\/hr\/wp-json\/wp\/v2\/product"}],"about":[{"href":"https:\/\/cortecros.com\/hr\/wp-json\/wp\/v2\/types\/product"}],"wp:attachment":[{"href":"https:\/\/cortecros.com\/hr\/wp-json\/wp\/v2\/media?parent=4112"}],"wp:term":[{"taxonomy":"product_brand","embeddable":true,"href":"https:\/\/cortecros.com\/hr\/wp-json\/wp\/v2\/product_brand?post=4112"},{"taxonomy":"product_cat","embeddable":true,"href":"https:\/\/cortecros.com\/hr\/wp-json\/wp\/v2\/product_cat?post=4112"},{"taxonomy":"product_tag","embeddable":true,"href":"https:\/\/cortecros.com\/hr\/wp-json\/wp\/v2\/product_tag?post=4112"}],"curies":[{"name":"wp","href":"https:\/\/api.w.org\/{rel}","templated":true}]}}