{"id":4117,"date":"2017-05-22T17:20:27","date_gmt":"2017-05-22T17:20:27","guid":{"rendered":"https:\/\/cortecros.com\/product\/vpci-125-antistaticke-zastitne-vrecice-2\/"},"modified":"2017-05-22T17:20:27","modified_gmt":"2017-05-22T17:20:27","slug":"vpci-125-antistaticke-zastitne-vrecice-2","status":"publish","type":"product","link":"https:\/\/cortecros.com\/hr\/product\/vpci-125-antistaticke-zastitne-vrecice-2\/","title":{"rendered":"VpCI-125 Antistati\u010dke za\u0161titne vre\u0107ice"},"content":{"rendered":"<p>Prozirne, s odli\u010dnim osobinama disipacije naboja. VpCI vi\u0161emetalna za\u0161tita. Mogu\u0107e termi\u010dki zatvarati. Dostupne u antistati\u010dkim i stati\u010dkim za\u0161titnim formulacijama. Odgovaraju MIL-B-81705B.<br \/>\n<b>Pakiranje:<\/b>\u00a0role i vre\u0107ice po narud\u017ebi.<\/p>\n<p><a href=\"https:\/\/cortecros.com\/wp-content\/uploads\/2019\/05\/VpCI-125-.pdf\"><strong>Tehni\u010dki list proizvoda<\/strong><\/a><\/p>\n","protected":false},"excerpt":{"rendered":"<p>Prozirne, s odli\u010dnim osobinama disipacije naboja. VpCI vi\u0161emetalna za\u0161tita. Mogu\u0107e termi\u010dki zatvarati. Dostupne u antistati\u010dkim i stati\u010dkim za\u0161titnim formulacijama. Odgovaraju MIL-B-81705B. Pakiranje:\u00a0role i vre\u0107ice po narud\u017ebi. Tehni\u010dki list proizvoda <a class=\"continue-reading-link\" href=\"https:\/\/cortecros.com\/hr\/product\/vpci-125-antistaticke-zastitne-vrecice-2\/\">nastavi \u010ditati<\/a><\/p>\n","protected":false},"featured_media":0,"template":"","meta":{"ngg_post_thumbnail":0,"_links_to":"","_links_to_target":""},"product_brand":[],"product_cat":[38],"product_tag":[],"class_list":{"0":"post-4117","1":"product","2":"type-product","3":"status-publish","5":"product_cat-vpci-proizvodi-za-pakiranje-i-konzervaciju","7":"first","8":"instock","9":"shipping-taxable","10":"product-type-simple"},"_links":{"self":[{"href":"https:\/\/cortecros.com\/hr\/wp-json\/wp\/v2\/product\/4117","targetHints":{"allow":["GET"]}}],"collection":[{"href":"https:\/\/cortecros.com\/hr\/wp-json\/wp\/v2\/product"}],"about":[{"href":"https:\/\/cortecros.com\/hr\/wp-json\/wp\/v2\/types\/product"}],"wp:attachment":[{"href":"https:\/\/cortecros.com\/hr\/wp-json\/wp\/v2\/media?parent=4117"}],"wp:term":[{"taxonomy":"product_brand","embeddable":true,"href":"https:\/\/cortecros.com\/hr\/wp-json\/wp\/v2\/product_brand?post=4117"},{"taxonomy":"product_cat","embeddable":true,"href":"https:\/\/cortecros.com\/hr\/wp-json\/wp\/v2\/product_cat?post=4117"},{"taxonomy":"product_tag","embeddable":true,"href":"https:\/\/cortecros.com\/hr\/wp-json\/wp\/v2\/product_tag?post=4117"}],"curies":[{"name":"wp","href":"https:\/\/api.w.org\/{rel}","templated":true}]}}