{"id":4121,"date":"2017-05-22T17:52:24","date_gmt":"2017-05-22T17:52:24","guid":{"rendered":"https:\/\/cortecros.com\/product\/vpci-126\/"},"modified":"2017-05-22T17:52:24","modified_gmt":"2017-05-22T17:52:24","slug":"vpci-126","status":"publish","type":"product","link":"https:\/\/cortecros.com\/hr\/product\/vpci-126\/","title":{"rendered":"VpCI-126"},"content":{"rendered":"<p>VpCI-126 ima dvostruko djelovanje: apsorpcija i VpCI antikorozivna za\u0161tita.<br \/>\nProzirni plasti\u010dni filmi s VpCI-om za multimetalnu za\u0161titu, mo\u017ee se termi\u010dki spajati. Dostupno i u Zip-Lock vre\u0107icama. Postoje antistati\u010dki, rastezljivi i tanki oblici.<br \/>\n<b>Pakiranje:<\/b>\u00a0Standardne veli\u010dine i po narud\u017ebi.<\/p>\n<p><a href=\"https:\/\/cortecros.com\/wp-content\/uploads\/2019\/05\/VpCI-126.pdf\"><strong>Tehni\u010dki list proizvoda<\/strong><\/a><\/p>\n","protected":false},"excerpt":{"rendered":"<p>VpCI-126 ima dvostruko djelovanje: apsorpcija i VpCI antikorozivna za\u0161tita. Prozirni plasti\u010dni filmi s VpCI-om za multimetalnu za\u0161titu, mo\u017ee se termi\u010dki spajati. Dostupno i u Zip-Lock vre\u0107icama. Postoje antistati\u010dki, rastezljivi i tanki oblici. Pakiranje:\u00a0Standardne veli\u010dine i po narud\u017ebi. Tehni\u010dki list proizvoda <a class=\"continue-reading-link\" href=\"https:\/\/cortecros.com\/hr\/product\/vpci-126\/\">nastavi \u010ditati<\/a><\/p>\n","protected":false},"featured_media":0,"template":"","meta":{"ngg_post_thumbnail":0,"_links_to":"","_links_to_target":""},"product_brand":[],"product_cat":[38],"product_tag":[],"class_list":{"0":"post-4121","1":"product","2":"type-product","3":"status-publish","5":"product_cat-vpci-proizvodi-za-pakiranje-i-konzervaciju","7":"first","8":"instock","9":"shipping-taxable","10":"product-type-simple"},"_links":{"self":[{"href":"https:\/\/cortecros.com\/hr\/wp-json\/wp\/v2\/product\/4121","targetHints":{"allow":["GET"]}}],"collection":[{"href":"https:\/\/cortecros.com\/hr\/wp-json\/wp\/v2\/product"}],"about":[{"href":"https:\/\/cortecros.com\/hr\/wp-json\/wp\/v2\/types\/product"}],"wp:attachment":[{"href":"https:\/\/cortecros.com\/hr\/wp-json\/wp\/v2\/media?parent=4121"}],"wp:term":[{"taxonomy":"product_brand","embeddable":true,"href":"https:\/\/cortecros.com\/hr\/wp-json\/wp\/v2\/product_brand?post=4121"},{"taxonomy":"product_cat","embeddable":true,"href":"https:\/\/cortecros.com\/hr\/wp-json\/wp\/v2\/product_cat?post=4121"},{"taxonomy":"product_tag","embeddable":true,"href":"https:\/\/cortecros.com\/hr\/wp-json\/wp\/v2\/product_tag?post=4121"}],"curies":[{"name":"wp","href":"https:\/\/api.w.org\/{rel}","templated":true}]}}