{"id":4122,"date":"2017-05-22T18:28:02","date_gmt":"2017-05-22T18:28:02","guid":{"rendered":"https:\/\/cortecros.com\/product\/vpci-357-tekuci-premaz-za-papir-karton-ivericu-spuzve\/"},"modified":"2017-05-22T18:28:02","modified_gmt":"2017-05-22T18:28:02","slug":"vpci-357-tekuci-premaz-za-papir-karton-ivericu-spuzve","status":"publish","type":"product","link":"https:\/\/cortecros.com\/hr\/product\/vpci-357-tekuci-premaz-za-papir-karton-ivericu-spuzve\/","title":{"rendered":"VpCI-357 Teku\u0107i premaz za papir, karton, ivericu, spu\u017eve"},"content":{"rendered":"<p>Teku\u0107i premaz sa zasi\u0107enjem za fleksibilne supstrate kao \u0161to su papir, karton, iverica, spu\u017eva. Tywek itd. Za\u0161tita multi-metala.Supstrati premazani s VpCI-357 ve\u0107inom udovoljavaju MIL-P3420F.<br \/>\n<b>Pakiranje:<\/b>\u00a019 l i 208 l.<\/p>\n","protected":false},"excerpt":{"rendered":"<p>Teku\u0107i premaz sa zasi\u0107enjem za fleksibilne supstrate kao \u0161to su papir, karton, iverica, spu\u017eva. Tywek itd. Za\u0161tita multi-metala.Supstrati premazani s VpCI-357 ve\u0107inom udovoljavaju MIL-P3420F. Pakiranje:\u00a019 l i 208 l. <a class=\"continue-reading-link\" href=\"https:\/\/cortecros.com\/hr\/product\/vpci-357-tekuci-premaz-za-papir-karton-ivericu-spuzve\/\">nastavi \u010ditati<\/a><\/p>\n","protected":false},"featured_media":0,"template":"","meta":{"ngg_post_thumbnail":0,"_links_to":"","_links_to_target":""},"product_brand":[],"product_cat":[38],"product_tag":[],"class_list":{"0":"post-4122","1":"product","2":"type-product","3":"status-publish","5":"product_cat-vpci-proizvodi-za-pakiranje-i-konzervaciju","7":"first","8":"instock","9":"shipping-taxable","10":"product-type-simple"},"_links":{"self":[{"href":"https:\/\/cortecros.com\/hr\/wp-json\/wp\/v2\/product\/4122","targetHints":{"allow":["GET"]}}],"collection":[{"href":"https:\/\/cortecros.com\/hr\/wp-json\/wp\/v2\/product"}],"about":[{"href":"https:\/\/cortecros.com\/hr\/wp-json\/wp\/v2\/types\/product"}],"wp:attachment":[{"href":"https:\/\/cortecros.com\/hr\/wp-json\/wp\/v2\/media?parent=4122"}],"wp:term":[{"taxonomy":"product_brand","embeddable":true,"href":"https:\/\/cortecros.com\/hr\/wp-json\/wp\/v2\/product_brand?post=4122"},{"taxonomy":"product_cat","embeddable":true,"href":"https:\/\/cortecros.com\/hr\/wp-json\/wp\/v2\/product_cat?post=4122"},{"taxonomy":"product_tag","embeddable":true,"href":"https:\/\/cortecros.com\/hr\/wp-json\/wp\/v2\/product_tag?post=4122"}],"curies":[{"name":"wp","href":"https:\/\/api.w.org\/{rel}","templated":true}]}}