{"id":4126,"date":"2017-05-23T18:26:11","date_gmt":"2017-05-23T18:26:11","guid":{"rendered":"https:\/\/cortecros.com\/product\/corwipe-2\/"},"modified":"2017-05-23T18:26:11","modified_gmt":"2017-05-23T18:26:11","slug":"corwipe-2","status":"publish","type":"product","link":"https:\/\/cortecros.com\/hr\/product\/corwipe-2\/","title":{"rendered":"Corwipe"},"content":{"rendered":"<p>Brisa\u010d za uklanjanje masti, ulja i lagane hr\u0111e sa metala. Tijekom \u010di\u0161\u0107enja ostavlja tanak film inhibitora korozije na povr\u0161ini metala.<br \/>\n<b>Pakiranje:<\/b>\u00a025 kom, 12 kom \/ karton<\/p>\n<p><a href=\"https:\/\/cortecros.com\/wp-content\/uploads\/2019\/05\/Corwipe.pdf\"><strong>Tehni\u010dki list proizvoda<\/strong><\/a><\/p>\n<p>&nbsp;<\/p>\n","protected":false},"excerpt":{"rendered":"<p>Brisa\u010d za uklanjanje masti, ulja i lagane hr\u0111e sa metala. Tijekom \u010di\u0161\u0107enja ostavlja tanak film inhibitora korozije na povr\u0161ini metala. Pakiranje:\u00a025 kom, 12 kom \/ karton Tehni\u010dki list proizvoda &nbsp; <a class=\"continue-reading-link\" href=\"https:\/\/cortecros.com\/hr\/product\/corwipe-2\/\">nastavi \u010ditati<\/a><\/p>\n","protected":false},"featured_media":0,"template":"","meta":{"ngg_post_thumbnail":0,"_links_to":"","_links_to_target":""},"product_brand":[],"product_cat":[39],"product_tag":[],"class_list":{"0":"post-4126","1":"product","2":"type-product","3":"status-publish","5":"product_cat-vpci-proizvodi-za-ciscenje-odmascivanje-i-pripremu-povrsine-metala","7":"first","8":"instock","9":"shipping-taxable","10":"product-type-simple"},"_links":{"self":[{"href":"https:\/\/cortecros.com\/hr\/wp-json\/wp\/v2\/product\/4126","targetHints":{"allow":["GET"]}}],"collection":[{"href":"https:\/\/cortecros.com\/hr\/wp-json\/wp\/v2\/product"}],"about":[{"href":"https:\/\/cortecros.com\/hr\/wp-json\/wp\/v2\/types\/product"}],"wp:attachment":[{"href":"https:\/\/cortecros.com\/hr\/wp-json\/wp\/v2\/media?parent=4126"}],"wp:term":[{"taxonomy":"product_brand","embeddable":true,"href":"https:\/\/cortecros.com\/hr\/wp-json\/wp\/v2\/product_brand?post=4126"},{"taxonomy":"product_cat","embeddable":true,"href":"https:\/\/cortecros.com\/hr\/wp-json\/wp\/v2\/product_cat?post=4126"},{"taxonomy":"product_tag","embeddable":true,"href":"https:\/\/cortecros.com\/hr\/wp-json\/wp\/v2\/product_tag?post=4126"}],"curies":[{"name":"wp","href":"https:\/\/api.w.org\/{rel}","templated":true}]}}