{"id":4129,"date":"2017-05-23T18:32:15","date_gmt":"2017-05-23T18:32:15","guid":{"rendered":"https:\/\/cortecros.com\/product\/ecoline-cistac-i-odmascivac\/"},"modified":"2017-05-23T18:32:15","modified_gmt":"2017-05-23T18:32:15","slug":"ecoline-cistac-i-odmascivac","status":"publish","type":"product","link":"https:\/\/cortecros.com\/hr\/product\/ecoline-cistac-i-odmascivac\/","title":{"rendered":"EcoLine&#x2122; \u010cista\u010d i odma\u0161\u010diva\u010d"},"content":{"rendered":"<p>EcoLine&#x2122; Cleaner&amp;Degreaser je \u010dista\u010d\/odma\u0161\u0107iva\u010d koji se koristi u industriji i \u0161irokoj potro\u0161nji za vrlo zahtjevne i te\u0161ke poslove \u010di\u0161\u0107enja, topiv je u vodi.<br \/>\nIdealan je za \u010di\u0161\u0107enje strojeva, alata, procesnih dijelova, opreme za proizvodnju hrane, uredske opreme, podova, betonskih i asfaltnih povr\u0161ina, zidova i stolova i sl.<br \/>\nMo\u017ee se koristiti na svim vrstama metala i legura. Za razliku od \u0161tetnih i otrovnih \u010dista\u010da na bazi otapala, EcoLine&#x2122; \u010dista\u010d\/odma\u0161\u0107iva\u010d je siguran za rukovanje i nije zapaljiv.<br \/>\n<b>Pakiranje:\u00a0<\/b>ECO spray od 455 ml, 19 litarskim kanisterima, 208 litarskim ba\u010dvama, 1040 l kontejnerima<\/p>\n<p><a href=\"https:\/\/cortecros.com\/wp-content\/uploads\/2019\/05\/ECOLine-Cleaner.pdf\"><strong>Tehni\u010dki list proizvoda<\/strong><\/a><\/p>\n","protected":false},"excerpt":{"rendered":"<p>EcoLine&#x2122; Cleaner&amp;Degreaser je \u010dista\u010d\/odma\u0161\u0107iva\u010d koji se koristi u industriji i \u0161irokoj potro\u0161nji za vrlo zahtjevne i te\u0161ke poslove \u010di\u0161\u0107enja, topiv je u vodi. Idealan je za \u010di\u0161\u0107enje strojeva, alata, procesnih dijelova, opreme za proizvodnju hrane, uredske opreme, podova, betonskih i asfaltnih povr\u0161ina, zidova i stolova i sl. Mo\u017ee se koristiti\u2026 <a class=\"continue-reading-link\" href=\"https:\/\/cortecros.com\/hr\/product\/ecoline-cistac-i-odmascivac\/\">nastavi \u010ditati<\/a><\/p>\n","protected":false},"featured_media":0,"template":"","meta":{"ngg_post_thumbnail":0,"_links_to":"","_links_to_target":""},"product_brand":[],"product_cat":[39,43],"product_tag":[],"class_list":{"0":"post-4129","1":"product","2":"type-product","3":"status-publish","5":"product_cat-vpci-proizvodi-za-ciscenje-odmascivanje-i-pripremu-povrsine-metala","6":"product_cat-eco-line-proizvodi-sprejevi","8":"first","9":"instock","10":"shipping-taxable","11":"product-type-simple"},"_links":{"self":[{"href":"https:\/\/cortecros.com\/hr\/wp-json\/wp\/v2\/product\/4129","targetHints":{"allow":["GET"]}}],"collection":[{"href":"https:\/\/cortecros.com\/hr\/wp-json\/wp\/v2\/product"}],"about":[{"href":"https:\/\/cortecros.com\/hr\/wp-json\/wp\/v2\/types\/product"}],"wp:attachment":[{"href":"https:\/\/cortecros.com\/hr\/wp-json\/wp\/v2\/media?parent=4129"}],"wp:term":[{"taxonomy":"product_brand","embeddable":true,"href":"https:\/\/cortecros.com\/hr\/wp-json\/wp\/v2\/product_brand?post=4129"},{"taxonomy":"product_cat","embeddable":true,"href":"https:\/\/cortecros.com\/hr\/wp-json\/wp\/v2\/product_cat?post=4129"},{"taxonomy":"product_tag","embeddable":true,"href":"https:\/\/cortecros.com\/hr\/wp-json\/wp\/v2\/product_tag?post=4129"}],"curies":[{"name":"wp","href":"https:\/\/api.w.org\/{rel}","templated":true}]}}