{"id":4132,"date":"2017-05-25T14:31:01","date_gmt":"2017-05-25T14:31:01","guid":{"rendered":"https:\/\/cortecros.com\/product\/eco-clean-cistac-srebra-i-zlata\/"},"modified":"2019-05-07T13:12:20","modified_gmt":"2019-05-07T13:12:20","slug":"eco-clean-cistac-srebra-i-zlata","status":"publish","type":"product","link":"https:\/\/cortecros.com\/hr\/product\/eco-clean-cistac-srebra-i-zlata\/","title":{"rendered":"Eco Clean\u00ae \u010cista\u010d srebra i zlata"},"content":{"rendered":"<p>EcoClean \u010dista\u010d srebra i zlata formuliran je da na siguran i efikasan na\u010din uklanja okside, masno\u0107e, ulje i ostala zaga\u0111enja sa osjetljivih metala od srebra i zlata koji slu\u017ee kao kontakti ugra\u0111eni u elektri\u010dnu ili elektroni\u010dku opremu. Biorazgradiv, ne sadr\u017ei o\u0161tre abrazivne i otrovne kemikalije. Ovaj proizvod je u svom djelovanju u potpunosti ekolo\u0161ki. Pod ostale uporabe podrazumijeva se \u010di\u0161\u0107enje zlatnog i srebrenog nakita, srebrnog posu\u0111a i sl. Korisnici \u0107e prona\u0107i u ovom proizvodu odli\u010dno \u010di\u0161\u0107enje, aktivnu za\u0161titu i jednostavnu primjenu za razliku od sli\u010dnih proizvoda.<br \/>\n<b>Pakiranje:<\/b>\u00a0posuda od 453 g po 6 komada u kartonu. Skladi\u0161titi na sobnoj temperaturi. \u010cuvati od smrzavanja.<\/p>\n<p><a href=\"https:\/\/cortecros.com\/wp-content\/uploads\/2019\/05\/ECO-Clean-Srebra-i-zlata.pdf\"><strong>Tehni\u010dki list proizvoda<\/strong><\/a><\/p>\n","protected":false},"excerpt":{"rendered":"<p>EcoClean \u010dista\u010d srebra i zlata formuliran je da na siguran i efikasan na\u010din uklanja okside, masno\u0107e, ulje i ostala zaga\u0111enja sa osjetljivih metala od srebra i zlata koji slu\u017ee kao kontakti ugra\u0111eni u elektri\u010dnu ili elektroni\u010dku opremu. Biorazgradiv, ne sadr\u017ei o\u0161tre abrazivne i otrovne kemikalije. Ovaj proizvod je u svom\u2026 <a class=\"continue-reading-link\" href=\"https:\/\/cortecros.com\/hr\/product\/eco-clean-cistac-srebra-i-zlata\/\">nastavi \u010ditati<\/a><\/p>\n","protected":false},"featured_media":0,"template":"","meta":{"ngg_post_thumbnail":0,"_links_to":"","_links_to_target":""},"product_brand":[],"product_cat":[46],"product_tag":[],"class_list":{"0":"post-4132","1":"product","2":"type-product","3":"status-publish","5":"product_cat-rawn-sprej-tehnologija","7":"first","8":"instock","9":"shipping-taxable","10":"product-type-simple"},"_links":{"self":[{"href":"https:\/\/cortecros.com\/hr\/wp-json\/wp\/v2\/product\/4132","targetHints":{"allow":["GET"]}}],"collection":[{"href":"https:\/\/cortecros.com\/hr\/wp-json\/wp\/v2\/product"}],"about":[{"href":"https:\/\/cortecros.com\/hr\/wp-json\/wp\/v2\/types\/product"}],"wp:attachment":[{"href":"https:\/\/cortecros.com\/hr\/wp-json\/wp\/v2\/media?parent=4132"}],"wp:term":[{"taxonomy":"product_brand","embeddable":true,"href":"https:\/\/cortecros.com\/hr\/wp-json\/wp\/v2\/product_brand?post=4132"},{"taxonomy":"product_cat","embeddable":true,"href":"https:\/\/cortecros.com\/hr\/wp-json\/wp\/v2\/product_cat?post=4132"},{"taxonomy":"product_tag","embeddable":true,"href":"https:\/\/cortecros.com\/hr\/wp-json\/wp\/v2\/product_tag?post=4132"}],"curies":[{"name":"wp","href":"https:\/\/api.w.org\/{rel}","templated":true}]}}