{"id":4135,"date":"2017-05-16T13:41:46","date_gmt":"2017-05-16T13:41:46","guid":{"rendered":"https:\/\/cortecros.com\/product\/ecocleandisperzant-600\/"},"modified":"2017-05-16T13:41:46","modified_gmt":"2017-05-16T13:41:46","slug":"ecocleandisperzant-600","status":"publish","type":"product","link":"https:\/\/cortecros.com\/hr\/product\/ecocleandisperzant-600\/","title":{"rendered":"EcoClean\u00aeDisperzant 600"},"content":{"rendered":"<p>EcoClean Disperzant 600 je biorazgradiv, neotrovan vrlo u\u010dinkovit disperzant\u2013emulgator. EcoClean Disperzant 600 preporu\u010da se za razbijanje (uklanjanje) uljnih filmova na vodenim povr\u0161inama (mora , jezera, rijeka). Vrlo je pogodan za primjenu u marinama, lu\u010dicama i na drugim vodenim povr\u0161inama gdje dolazi do takovih zaga\u0111enja. Tako\u0111er je upotrebljiv kao \u010dista\u010d i odma\u0161\u0107iva\u010d na krutim podlogama kao \u0161to su beton ili asfalta, te \u010di\u0161\u0107enje metala od masno\u0107e i metalne opreme.<br \/>\n<b>Pakiranje:<\/b>\u00a0u 19-litarskim plasti\u010dnim ba\u010dvama, 208-litarskim metalnim ba\u010dvama, kontejnerima za teku\u0107ine 1040 litara.<\/p>\n<p><a href=\"https:\/\/cortecros.com\/wp-content\/uploads\/2019\/05\/EcoClean-Dispersant-600.pdf\"><strong>Tehni\u010dki list proizvoda<\/strong><\/a><\/p>\n","protected":false},"excerpt":{"rendered":"<p>EcoClean Disperzant 600 je biorazgradiv, neotrovan vrlo u\u010dinkovit disperzant\u2013emulgator. EcoClean Disperzant 600 preporu\u010da se za razbijanje (uklanjanje) uljnih filmova na vodenim povr\u0161inama (mora , jezera, rijeka). Vrlo je pogodan za primjenu u marinama, lu\u010dicama i na drugim vodenim povr\u0161inama gdje dolazi do takovih zaga\u0111enja. Tako\u0111er je upotrebljiv kao \u010dista\u010d i\u2026 <a class=\"continue-reading-link\" href=\"https:\/\/cortecros.com\/hr\/product\/ecocleandisperzant-600\/\">nastavi \u010ditati<\/a><\/p>\n","protected":false},"featured_media":0,"template":"","meta":{"ngg_post_thumbnail":0,"_links_to":"","_links_to_target":""},"product_brand":[],"product_cat":[34,43],"product_tag":[],"class_list":{"0":"post-4135","1":"product","2":"type-product","3":"status-publish","5":"product_cat-aditivi-za-ulja-obradu-voda-i-inhibitori-korozije-za-naftnu-industriju","6":"product_cat-eco-line-proizvodi-sprejevi","8":"first","9":"instock","10":"shipping-taxable","11":"product-type-simple"},"_links":{"self":[{"href":"https:\/\/cortecros.com\/hr\/wp-json\/wp\/v2\/product\/4135","targetHints":{"allow":["GET"]}}],"collection":[{"href":"https:\/\/cortecros.com\/hr\/wp-json\/wp\/v2\/product"}],"about":[{"href":"https:\/\/cortecros.com\/hr\/wp-json\/wp\/v2\/types\/product"}],"wp:attachment":[{"href":"https:\/\/cortecros.com\/hr\/wp-json\/wp\/v2\/media?parent=4135"}],"wp:term":[{"taxonomy":"product_brand","embeddable":true,"href":"https:\/\/cortecros.com\/hr\/wp-json\/wp\/v2\/product_brand?post=4135"},{"taxonomy":"product_cat","embeddable":true,"href":"https:\/\/cortecros.com\/hr\/wp-json\/wp\/v2\/product_cat?post=4135"},{"taxonomy":"product_tag","embeddable":true,"href":"https:\/\/cortecros.com\/hr\/wp-json\/wp\/v2\/product_tag?post=4135"}],"curies":[{"name":"wp","href":"https:\/\/api.w.org\/{rel}","templated":true}]}}