{"id":4138,"date":"2017-05-23T18:41:07","date_gmt":"2017-05-23T18:41:07","guid":{"rendered":"https:\/\/cortecros.com\/product\/vpci-408-nisko-alkalni-cistac\/"},"modified":"2019-05-07T13:14:44","modified_gmt":"2019-05-07T13:14:44","slug":"vpci-408-nisko-alkalni-cistac","status":"publish","type":"product","link":"https:\/\/cortecros.com\/hr\/product\/vpci-408-nisko-alkalni-cistac\/","title":{"rendered":"VpCI-408 Nisko alkalni \u010dista\u010d"},"content":{"rendered":"<p>VpCI&#x2122;-408 je nisko alkalni \u010dista\u010d za uporabu u visoko tla\u010dnim ure\u0111ajima za pranje i sna\u017enim strojevima za pranje. Mo\u017ee se koristi za uklanjanje razli\u010ditih vrsta strojnih<br \/>\nfluida, laganih ulja imasti. VpCI&#x2122;-408 nisko alkalni je \u010dista\u010d koji se ne pjeni te pru\u017ea multimetalnu antikorozivnu za\u0161titu nakon procesa \u010di\u0161\u0107enja. \u010cak i pri malim<br \/>\nkoncentracijama, VpCI&#x2122;-408 pru\u017ea antikorozivnu za\u0161titu metalnih dijelova<br \/>\npohranjenih u zatvorenom prostoru.<br \/>\n<b>Pakiranje:<\/b>\u00a019 l kanistri\u00a0i 208 l ba\u010dve<\/p>\n<p><a href=\"https:\/\/cortecros.com\/wp-content\/uploads\/2019\/05\/VpCI-408.pdf\"><strong>Tehni\u010dki list proizvoda<\/strong><\/a><\/p>\n","protected":false},"excerpt":{"rendered":"<p>VpCI&#x2122;-408 je nisko alkalni \u010dista\u010d za uporabu u visoko tla\u010dnim ure\u0111ajima za pranje i sna\u017enim strojevima za pranje. Mo\u017ee se koristi za uklanjanje razli\u010ditih vrsta strojnih fluida, laganih ulja imasti. VpCI&#x2122;-408 nisko alkalni je \u010dista\u010d koji se ne pjeni te pru\u017ea multimetalnu antikorozivnu za\u0161titu nakon procesa \u010di\u0161\u0107enja. \u010cak i pri\u2026 <a class=\"continue-reading-link\" href=\"https:\/\/cortecros.com\/hr\/product\/vpci-408-nisko-alkalni-cistac\/\">nastavi \u010ditati<\/a><\/p>\n","protected":false},"featured_media":0,"template":"","meta":{"ngg_post_thumbnail":0,"_links_to":"","_links_to_target":""},"product_brand":[],"product_cat":[39],"product_tag":[],"class_list":{"0":"post-4138","1":"product","2":"type-product","3":"status-publish","5":"product_cat-vpci-proizvodi-za-ciscenje-odmascivanje-i-pripremu-povrsine-metala","7":"first","8":"instock","9":"shipping-taxable","10":"product-type-simple"},"_links":{"self":[{"href":"https:\/\/cortecros.com\/hr\/wp-json\/wp\/v2\/product\/4138","targetHints":{"allow":["GET"]}}],"collection":[{"href":"https:\/\/cortecros.com\/hr\/wp-json\/wp\/v2\/product"}],"about":[{"href":"https:\/\/cortecros.com\/hr\/wp-json\/wp\/v2\/types\/product"}],"wp:attachment":[{"href":"https:\/\/cortecros.com\/hr\/wp-json\/wp\/v2\/media?parent=4138"}],"wp:term":[{"taxonomy":"product_brand","embeddable":true,"href":"https:\/\/cortecros.com\/hr\/wp-json\/wp\/v2\/product_brand?post=4138"},{"taxonomy":"product_cat","embeddable":true,"href":"https:\/\/cortecros.com\/hr\/wp-json\/wp\/v2\/product_cat?post=4138"},{"taxonomy":"product_tag","embeddable":true,"href":"https:\/\/cortecros.com\/hr\/wp-json\/wp\/v2\/product_tag?post=4138"}],"curies":[{"name":"wp","href":"https:\/\/api.w.org\/{rel}","templated":true}]}}