{"id":4141,"date":"2017-05-23T18:43:58","date_gmt":"2017-05-23T18:43:58","guid":{"rendered":"https:\/\/cortecros.com\/product\/vpci-411-koncentrirano-sredstvo-za-ciscenje-i-odmascivanje\/"},"modified":"2017-05-23T18:43:58","modified_gmt":"2017-05-23T18:43:58","slug":"vpci-411-koncentrirano-sredstvo-za-ciscenje-i-odmascivanje","status":"publish","type":"product","link":"https:\/\/cortecros.com\/hr\/product\/vpci-411-koncentrirano-sredstvo-za-ciscenje-i-odmascivanje\/","title":{"rendered":"VpCI-411 Koncentrirano sredstvo za \u010di\u0161\u0107enje i odma\u0161\u0107ivanje"},"content":{"rendered":"<p>VCI-411 je sredstvo za \u010di\u0161\u0107enje i odma\u0161\u010divanje velikog u\u010dinka koje je topivo u vodi. VCI-411 dizajniran je za te\u0161ka \u010di\u0161\u0107enje u industriji i \u0161iroku potro\u0161nju. VCI-411 \u010disti strojnu opremu, alat, karoserije, dijelove u procesu, opremu za obradu hrane, uredsku opremu, podove, zidove, toalete, stolove. VCI-411 djelotvorno otapa masno\u0107e, parafine i voskove.<br \/>\nVCI-411 mo\u017ee se upotrebljavati na svim metalima i legurama<br \/>\nZa razliku od mnogih drugih sredstava za \u010di\u0161\u0107enje na tr\u017ei\u0161tu koja su obi\u010dno \u0161tetna za ljudsku ko\u017eu i klasificirana kao opasni materijal, VCI-411 je siguran za manipuliranje i ima ugodan miris po limunu.<br \/>\n<b>Pakiranje:\u00a0<\/b>19 l kanister, 208 l ba\u010dva<\/p>\n<p><a href=\"https:\/\/cortecros.com\/wp-content\/uploads\/2019\/05\/VpCI-411.pdf\"><strong>Tehni\u010dki list proizvoda<\/strong><\/a><\/p>\n","protected":false},"excerpt":{"rendered":"<p>VCI-411 je sredstvo za \u010di\u0161\u0107enje i odma\u0161\u010divanje velikog u\u010dinka koje je topivo u vodi. VCI-411 dizajniran je za te\u0161ka \u010di\u0161\u0107enje u industriji i \u0161iroku potro\u0161nju. VCI-411 \u010disti strojnu opremu, alat, karoserije, dijelove u procesu, opremu za obradu hrane, uredsku opremu, podove, zidove, toalete, stolove. VCI-411 djelotvorno otapa masno\u0107e, parafine i\u2026 <a class=\"continue-reading-link\" href=\"https:\/\/cortecros.com\/hr\/product\/vpci-411-koncentrirano-sredstvo-za-ciscenje-i-odmascivanje\/\">nastavi \u010ditati<\/a><\/p>\n","protected":false},"featured_media":0,"template":"","meta":{"ngg_post_thumbnail":0,"_links_to":"","_links_to_target":""},"product_brand":[],"product_cat":[39],"product_tag":[],"class_list":{"0":"post-4141","1":"product","2":"type-product","3":"status-publish","5":"product_cat-vpci-proizvodi-za-ciscenje-odmascivanje-i-pripremu-povrsine-metala","7":"first","8":"instock","9":"shipping-taxable","10":"product-type-simple"},"_links":{"self":[{"href":"https:\/\/cortecros.com\/hr\/wp-json\/wp\/v2\/product\/4141","targetHints":{"allow":["GET"]}}],"collection":[{"href":"https:\/\/cortecros.com\/hr\/wp-json\/wp\/v2\/product"}],"about":[{"href":"https:\/\/cortecros.com\/hr\/wp-json\/wp\/v2\/types\/product"}],"wp:attachment":[{"href":"https:\/\/cortecros.com\/hr\/wp-json\/wp\/v2\/media?parent=4141"}],"wp:term":[{"taxonomy":"product_brand","embeddable":true,"href":"https:\/\/cortecros.com\/hr\/wp-json\/wp\/v2\/product_brand?post=4141"},{"taxonomy":"product_cat","embeddable":true,"href":"https:\/\/cortecros.com\/hr\/wp-json\/wp\/v2\/product_cat?post=4141"},{"taxonomy":"product_tag","embeddable":true,"href":"https:\/\/cortecros.com\/hr\/wp-json\/wp\/v2\/product_tag?post=4141"}],"curies":[{"name":"wp","href":"https:\/\/api.w.org\/{rel}","templated":true}]}}