{"id":4144,"date":"2017-05-23T18:48:10","date_gmt":"2017-05-23T18:48:10","guid":{"rendered":"https:\/\/cortecros.com\/product\/vpci-414\/"},"modified":"2020-10-21T08:53:46","modified_gmt":"2020-10-21T08:53:46","slug":"vpci-414","status":"publish","type":"product","link":"https:\/\/cortecros.com\/hr\/product\/vpci-414\/","title":{"rendered":"VpCI-414"},"content":{"rendered":"<p>Viskozni teku\u0107i koncentrat namijenjen skidanju privremenih bojanih premaza s metalnih i obojenih ploha te<br \/>\nvoska, ne\u010disto\u0107a, ulja, masti i sl. Ostvaruje za\u0161titu od korozije 24-48 sati nakon primjene.<br \/>\n<b>Pakiranje:<\/b>\u00a019 l, ba\u010dva 208 l, kontejner 1040 l.<\/p>\n<p><a href=\"https:\/\/cortecros.com\/wp-content\/uploads\/2020\/10\/VpCI-414_hr.pdf\"><strong>Tehni\u010dki list proizvoda<\/strong><\/a><\/p>\n","protected":false},"excerpt":{"rendered":"<p>Viskozni teku\u0107i koncentrat namijenjen skidanju privremenih bojanih premaza s metalnih i obojenih ploha te voska, ne\u010disto\u0107a, ulja, masti i sl. Ostvaruje za\u0161titu od korozije 24-48 sati nakon primjene. Pakiranje:\u00a019 l, ba\u010dva 208 l, kontejner 1040 l. Tehni\u010dki list proizvoda <a class=\"continue-reading-link\" href=\"https:\/\/cortecros.com\/hr\/product\/vpci-414\/\">nastavi \u010ditati<\/a><\/p>\n","protected":false},"featured_media":30217,"template":"","meta":{"ngg_post_thumbnail":0,"_links_to":"","_links_to_target":""},"product_brand":[],"product_cat":[39,43],"product_tag":[],"class_list":{"0":"post-4144","1":"product","2":"type-product","3":"status-publish","4":"has-post-thumbnail","6":"product_cat-vpci-proizvodi-za-ciscenje-odmascivanje-i-pripremu-povrsine-metala","7":"product_cat-eco-line-proizvodi-sprejevi","9":"first","10":"instock","11":"shipping-taxable","12":"product-type-simple"},"_links":{"self":[{"href":"https:\/\/cortecros.com\/hr\/wp-json\/wp\/v2\/product\/4144","targetHints":{"allow":["GET"]}}],"collection":[{"href":"https:\/\/cortecros.com\/hr\/wp-json\/wp\/v2\/product"}],"about":[{"href":"https:\/\/cortecros.com\/hr\/wp-json\/wp\/v2\/types\/product"}],"wp:featuredmedia":[{"embeddable":true,"href":"https:\/\/cortecros.com\/hr\/wp-json\/wp\/v2\/media\/30217"}],"wp:attachment":[{"href":"https:\/\/cortecros.com\/hr\/wp-json\/wp\/v2\/media?parent=4144"}],"wp:term":[{"taxonomy":"product_brand","embeddable":true,"href":"https:\/\/cortecros.com\/hr\/wp-json\/wp\/v2\/product_brand?post=4144"},{"taxonomy":"product_cat","embeddable":true,"href":"https:\/\/cortecros.com\/hr\/wp-json\/wp\/v2\/product_cat?post=4144"},{"taxonomy":"product_tag","embeddable":true,"href":"https:\/\/cortecros.com\/hr\/wp-json\/wp\/v2\/product_tag?post=4144"}],"curies":[{"name":"wp","href":"https:\/\/api.w.org\/{rel}","templated":true}]}}