{"id":4147,"date":"2017-05-23T18:49:27","date_gmt":"2017-05-23T18:49:27","guid":{"rendered":"https:\/\/cortecros.com\/product\/vpci-415\/"},"modified":"2017-05-23T18:49:27","modified_gmt":"2017-05-23T18:49:27","slug":"vpci-415","status":"publish","type":"product","link":"https:\/\/cortecros.com\/hr\/product\/vpci-415\/","title":{"rendered":"VpCI-415"},"content":{"rendered":"<p>VpCI-415 je biorazgradiva formulacija sredstva za \u010di\u0161\u0107enje i odma\u0161\u0107ivanje na bazi vode, velikog u\u010dinka, koja pru\u017ea i za\u0161titu od korozije. VpCI-415 pru\u017ea za\u0161titu od korozije do 6 mjeseci tijekom skladi\u0161tenja u zatvorenom. VpCI-415 uskla\u0111en je s zahtijevima kao sredstvo za \u010di\u0161\u0107enje i za\u0161titu od korozije aviona i helikoptera MIL-PRF-87937C. Sastojci u VpCI-415 funkcioniraju tako da mijenjaju ugljikovodike kako bi se naslage uklonile vodom. VpCI-415 mo\u017ee se dozirati u strojeve za pranje, parne \u010distionice, rezervoare za uranjanje i drugu opremu za \u010di\u0161\u0107enje.<br \/>\n<b>Pakiranje:<\/b>\u00a0knister 19 l i ba\u010dve 208 l.<\/p>\n<p><a href=\"https:\/\/cortecros.com\/wp-content\/uploads\/2019\/05\/VpCI-415.pdf\"><strong>Tehni\u010dki list proizvoda<\/strong><\/a><\/p>\n","protected":false},"excerpt":{"rendered":"<p>VpCI-415 je biorazgradiva formulacija sredstva za \u010di\u0161\u0107enje i odma\u0161\u0107ivanje na bazi vode, velikog u\u010dinka, koja pru\u017ea i za\u0161titu od korozije. VpCI-415 pru\u017ea za\u0161titu od korozije do 6 mjeseci tijekom skladi\u0161tenja u zatvorenom. VpCI-415 uskla\u0111en je s zahtijevima kao sredstvo za \u010di\u0161\u0107enje i za\u0161titu od korozije aviona i helikoptera MIL-PRF-87937C. Sastojci\u2026 <a class=\"continue-reading-link\" href=\"https:\/\/cortecros.com\/hr\/product\/vpci-415\/\">nastavi \u010ditati<\/a><\/p>\n","protected":false},"featured_media":0,"template":"","meta":{"ngg_post_thumbnail":0,"_links_to":"","_links_to_target":""},"product_brand":[],"product_cat":[39],"product_tag":[],"class_list":{"0":"post-4147","1":"product","2":"type-product","3":"status-publish","5":"product_cat-vpci-proizvodi-za-ciscenje-odmascivanje-i-pripremu-povrsine-metala","7":"first","8":"instock","9":"shipping-taxable","10":"product-type-simple"},"_links":{"self":[{"href":"https:\/\/cortecros.com\/hr\/wp-json\/wp\/v2\/product\/4147","targetHints":{"allow":["GET"]}}],"collection":[{"href":"https:\/\/cortecros.com\/hr\/wp-json\/wp\/v2\/product"}],"about":[{"href":"https:\/\/cortecros.com\/hr\/wp-json\/wp\/v2\/types\/product"}],"wp:attachment":[{"href":"https:\/\/cortecros.com\/hr\/wp-json\/wp\/v2\/media?parent=4147"}],"wp:term":[{"taxonomy":"product_brand","embeddable":true,"href":"https:\/\/cortecros.com\/hr\/wp-json\/wp\/v2\/product_brand?post=4147"},{"taxonomy":"product_cat","embeddable":true,"href":"https:\/\/cortecros.com\/hr\/wp-json\/wp\/v2\/product_cat?post=4147"},{"taxonomy":"product_tag","embeddable":true,"href":"https:\/\/cortecros.com\/hr\/wp-json\/wp\/v2\/product_tag?post=4147"}],"curies":[{"name":"wp","href":"https:\/\/api.w.org\/{rel}","templated":true}]}}